{"id":11070,"date":"2026-04-11T21:22:03","date_gmt":"2026-04-11T18:22:03","guid":{"rendered":"https:\/\/privetmadrid.com\/transfers\/?page_id=11070"},"modified":"2026-04-11T21:24:45","modified_gmt":"2026-04-11T18:24:45","slug":"alquiler-con-conductor","status":"publish","type":"page","link":"https:\/\/privetmadrid.com\/transfers\/es\/alquiler-con-conductor\/","title":{"rendered":"Alquiler de coche con conductor en Madrid"},"content":{"rendered":"<div  class=\"one withsmallpadding ppb_text\" style=\"text-align:left;padding:40px 0 40px 0;\" >\n<div class=\"standard_wrapper\">\n<div class=\"page_content_wrapper\">\n<div class=\"inner\">\n<div style=\"margin:auto;width:100%\">\n<p style=\"color: #000000; text-align: justify;\" data-start=\"129\" data-end=\"334\">Al llegar a Madrid, es importante pensar en la movilidad. Una de las mejores opciones en la ciudad es el alquiler de coches. Movilidad, comodidad y eficiencia son las principales ventajas de este servicio.<\/p>\n<p style=\"color: #000000; text-align: justify;\" data-start=\"336\" data-end=\"904\">En Madrid es muy f\u00e1cil alquilar un coche con conductor por unas horas para resolver asuntos importantes. Al elegir esta opci\u00f3n, puedes estar seguro de viajar de forma segura, con un conductor que conoce perfectamente la ciudad y garantiza llegar a tiempo. Es una soluci\u00f3n ideal para quienes no quieren conducir o prefieren ahorrar tiempo sin preocuparse por el tr\u00e1fico o el navegador. El precio medio del alquiler comienza desde unos 50 d\u00f3lares al d\u00eda, aunque tambi\u00e9n es posible alquilar el coche por horas, acordando previamente la fecha y la duraci\u00f3n con la empresa.<\/p>\n<p style=\"color: #000000; text-align: justify;\" data-start=\"906\" data-end=\"1515\">El alquiler de coche en Madrid tambi\u00e9n es ideal para grupos que asisten a congresos, conferencias o ferias, as\u00ed como para clientes corporativos. En estos casos, es necesario acordar previamente con la empresa el n\u00famero de personas, elegir la categor\u00eda del veh\u00edculo (normalmente business o lujo) y contar con un conductor personal que acompa\u00f1e al grupo durante todo el tiempo. Tambi\u00e9n se pueden definir servicios adicionales como televisi\u00f3n, puertos USB o bebidas a bordo. Este tipo de veh\u00edculos debe reservarse con antelaci\u00f3n, normalmente por varios d\u00edas. El precio puede empezar desde 100\u2013120 d\u00f3lares al d\u00eda.<\/p>\n<p style=\"color: #000000; text-align: justify;\" data-start=\"1517\" data-end=\"1866\">Para viajes de trabajo en Madrid, tambi\u00e9n es posible alquilar un coche de clase econ\u00f3mica o business con conductor. Las ventajas incluyen puntualidad, ausencia de problemas de aparcamiento (ya que los conductores conocen bien la ciudad) y una conducci\u00f3n segura. Este servicio se puede contratar durante toda la estancia o solo para d\u00edas espec\u00edficos.<\/p>\n<p style=\"color: #000000; text-align: justify;\" data-start=\"1868\" data-end=\"2291\">En Madrid se celebran muchos eventos y celebraciones, por lo que el alquiler de coche o minib\u00fas es una opci\u00f3n muy c\u00f3moda. Estos veh\u00edculos se pueden reservar para horarios espec\u00edficos, y el conductor estar\u00e1 siempre disponible para los clientes. Para bodas, es recomendable reservar con antelaci\u00f3n para garantizar veh\u00edculos del mismo modelo o categor\u00eda. El precio puede alcanzar hasta 200 d\u00f3lares por el tiempo de servicio.<\/p>\n<p style=\"color: #000000; text-align: justify;\" data-start=\"2293\" data-end=\"2488\">Si necesitas transporte para eventos o conciertos, es importante acordar previamente el volumen de equipaje, equipo o n\u00famero de personas. En estos casos, el precio se calcula de forma individual.<\/p>\n<p style=\"color: #000000; text-align: justify;\" data-start=\"2490\" data-end=\"2683\">Elegir un coche de alquiler en Madrid es muy sencillo: en pocos clics puedes seleccionar el veh\u00edculo adecuado y, en la fecha y hora indicadas, el coche con conductor estar\u00e1 listo para tu viaje.<\/p>\n<\/div>\n<\/div>\n<\/div>\n<\/div>\n<\/div>\n<div  class=\"one withsmallpadding ppb_header \" style=\"text-align:left;padding:40px 0 40px 0;\" >\n<div class=\"standard_wrapper\">\n<div class=\"page_content_wrapper\">\n<div class=\"inner\">\n<div style=\"margin:auto;width:100%\">\n<div class=\"ppb_header_content\">\n<div class=\"pm-col-3-border\">\n<p><img loading=\"lazy\" decoding=\"async\" class=\"wp-image-5471 aligncenter\" src=\"https:\/\/privetmadrid.com\/transfers\/wp-content\/uploads\/2020\/05\/advance-money.svg\" alt=\"\" width=\"69\" height=\"69\" \/><\/p>\n<h4 class=\"pm-title-block\" style=\"text-align: center;\">\u041e\u043f\u043b\u0430\u0442\u0430 \u043f\u043e \u043a\u0430\u0440\u0442\u0435<\/h4>\n<p class=\"default\" style=\"text-align: center;\">\u041e\u043f\u043b\u0430\u0442\u0430 \u043a\u0430\u0440\u0442\u043e\u0439 \u0432\u043e\u0434\u0438\u0442\u0435\u043b\u044e \/ \u043d\u0430\u043b\u0438\u0447\u043d\u044b\u043c\u0438 \/ \u043e\u043f\u043b\u0430\u0442\u0430 \u043e\u043d\u043b\u0430\u0439\u043d (\u043f\u043e \u0437\u0430\u043f\u0440\u043e\u0441\u0443) \/ PayPal.<\/p>\n<\/div>\n<div class=\"one_half last \" style=\"\">\n<h3 style=\"padding-bottom: 15px; text-align: center;\"><strong style=\"padding-bottom: 30px;\">\u041a\u043e\u043d\u0442\u0430\u043a\u0442\u044b \u0434\u043b\u044f \u0437\u0430\u043a\u0430\u0437\u0430<\/strong><\/h3>\n<div class=\"pm-vertical-center\">\n<div class=\"pm-icons-block-shadow\">\n<div class=\"pm-icon-desc\">\n<p class=\"none\" style=\"text-align: center;\">\u041c\u044b \u043e\u0447\u0435\u043d\u044c \u0440\u0430\u0434\u044b \u0431\u044b\u0442\u044c \u0412\u0430\u043c \u043f\u043e\u043b\u0435\u0437\u043d\u044b\u043c\u0438 \u0438 \u0436\u0435\u043b\u0430\u0435\u043c \u043f\u043e\u0437\u0430\u0431\u043e\u0442\u0438\u0442\u044c\u0441\u044f \u043e \u0412\u0430\u0448\u0435\u043c \u043c\u0430\u0440\u0448\u0440\u0443\u0442\u0435 \u043e\u0442 \u0430\u044d\u0440\u043e\u043f\u043e\u0440\u0442\u0430 \u041c\u0430\u0434\u0440\u0438\u0434\u0430 \u0434\u043e \u0446\u0435\u043d\u0442\u0440\u0430 \u0433\u043e\u0440\u043e\u0434\u0430, \u0447\u0442\u043e\u0431\u044b \u0412\u044b \u0437\u0430\u0431\u043e\u0442\u0438\u043b\u0438\u0441\u044c \u043e \u0441\u0430\u043c\u043e\u043c \u0432\u0430\u0436\u043d\u043e\u043c \u2013 \u043e \u0446\u0435\u043b\u0438 \u0412\u0430\u0448\u0435\u0439 \u043f\u043e\u0435\u0437\u0434\u043a\u0438.<\/p>\n<\/div>\n<div class=\"pm-flex-list-contact\">\n<p><img loading=\"lazy\" decoding=\"async\" src=\"https:\/\/privetmadrid.com\/transfers\/wp-content\/uploads\/2020\/05\/mail-01.svg\" alt=\"\" width=\"45\" height=\"45\" \/><\/p>\n<div class=\"pm-icon-desc\">\n<h4>info@privetmadrid.com<\/h4>\n<\/div>\n<\/div>\n<div class=\"pm-space-gap\"><\/div>\n<div class=\"pm-flex-list-contact\"><img loading=\"lazy\" decoding=\"async\" src=\"https:\/\/privetmadrid.com\/transfers\/wp-content\/uploads\/2020\/05\/viber-01.svg\" alt=\"\" width=\"45\" height=\"45\" \/><br \/>\n<img loading=\"lazy\" decoding=\"async\" style=\"float: left; padding-left: 10px;\" src=\"https:\/\/privetmadrid.com\/transfers\/wp-content\/uploads\/2020\/05\/whatsapp-01.svg\" alt=\"\" width=\"45\" height=\"45\" \/><\/p>\n<div class=\"pm-icon-desc\">\n<h4>+34 687 533 687<\/h4>\n<\/div>\n<\/div>\n<\/div>\n<p><br class=\"clear\"\/><\/p>\n<\/div>\n<\/div>\n<\/div>\n<\/div>\n<\/div>\n<\/div>\n<\/div>\n<\/div>\n","protected":false},"excerpt":{"rendered":"<p>Al llegar a Madrid, es importante pensar en la movilidad. Una de las mejores opciones en la ciudad es el alquiler de coches. Movilidad, comodidad y eficiencia son las principales ventajas de este servicio. En Madrid es muy f\u00e1cil alquilar [&hellip;]<\/p>\n","protected":false},"author":2,"featured_media":10113,"parent":0,"menu_order":0,"comment_status":"closed","ping_status":"closed","template":"","meta":{"inline_featured_image":false,"_glsr_average":0,"_glsr_ranking":0,"_glsr_reviews":0,"footnotes":""},"yoast_head":"<!-- This site is optimized with the Yoast SEO plugin v22.9 - https:\/\/yoast.com\/wordpress\/plugins\/seo\/ -->\n<title>Alquiler de coche con conductor en Madrid | 24\/7<\/title>\n<meta name=\"description\" content=\"Alquila coche con conductor en Madrid. Servicio privado, precios fijos, veh\u00edculos premium y reserva f\u00e1cil online. Disponible 24\/7.\" \/>\n<meta name=\"robots\" content=\"index, follow, max-snippet:-1, max-image-preview:large, max-video-preview:-1\" \/>\n<link rel=\"canonical\" href=\"https:\/\/privetmadrid.com\/transfers\/es\/alquiler-con-conductor\/\" \/>\n<meta property=\"og:locale\" content=\"ru_RU\" \/>\n<meta property=\"og:type\" content=\"article\" \/>\n<meta property=\"og:title\" content=\"Alquiler de coche con conductor en Madrid | 24\/7\" \/>\n<meta property=\"og:description\" content=\"Alquila coche con conductor en Madrid. Servicio privado, precios fijos, veh\u00edculos premium y reserva f\u00e1cil online. Disponible 24\/7.\" \/>\n<meta property=\"og:url\" content=\"https:\/\/privetmadrid.com\/transfers\/es\/alquiler-con-conductor\/\" \/>\n<meta property=\"og:site_name\" content=\"Privet Madrid\" \/>\n<meta property=\"article:modified_time\" content=\"2026-04-11T18:24:45+00:00\" \/>\n<meta property=\"og:image\" content=\"http:\/\/privetmadrid.com\/transfers\/wp-content\/uploads\/2019\/12\/arenda-avtomobilya-v-madride.jpg\" \/>\n\t<meta property=\"og:image:width\" content=\"800\" \/>\n\t<meta property=\"og:image:height\" content=\"457\" \/>\n\t<meta property=\"og:image:type\" content=\"image\/jpeg\" \/>\n<meta name=\"twitter:card\" content=\"summary_large_image\" \/>\n<meta name=\"twitter:label1\" content=\"\u041f\u0440\u0438\u043c\u0435\u0440\u043d\u043e\u0435 \u0432\u0440\u0435\u043c\u044f \u0434\u043b\u044f \u0447\u0442\u0435\u043d\u0438\u044f\" \/>\n\t<meta name=\"twitter:data1\" content=\"4 \u043c\u0438\u043d\u0443\u0442\u044b\" \/>\n<script type=\"application\/ld+json\" class=\"yoast-schema-graph\">{\"@context\":\"https:\/\/schema.org\",\"@graph\":[{\"@type\":\"WebPage\",\"@id\":\"https:\/\/privetmadrid.com\/transfers\/es\/alquiler-con-conductor\/\",\"url\":\"https:\/\/privetmadrid.com\/transfers\/es\/alquiler-con-conductor\/\",\"name\":\"Alquiler de coche con conductor en Madrid | 24\/7\",\"isPartOf\":{\"@id\":\"https:\/\/privetmadrid.com\/transfers\/#website\"},\"primaryImageOfPage\":{\"@id\":\"https:\/\/privetmadrid.com\/transfers\/es\/alquiler-con-conductor\/#primaryimage\"},\"image\":{\"@id\":\"https:\/\/privetmadrid.com\/transfers\/es\/alquiler-con-conductor\/#primaryimage\"},\"thumbnailUrl\":\"https:\/\/privetmadrid.com\/transfers\/wp-content\/uploads\/2019\/12\/arenda-avtomobilya-v-madride.jpg\",\"datePublished\":\"2026-04-11T18:22:03+00:00\",\"dateModified\":\"2026-04-11T18:24:45+00:00\",\"description\":\"Alquila coche con conductor en Madrid. Servicio privado, precios fijos, veh\u00edculos premium y reserva f\u00e1cil online. Disponible 24\/7.\",\"breadcrumb\":{\"@id\":\"https:\/\/privetmadrid.com\/transfers\/es\/alquiler-con-conductor\/#breadcrumb\"},\"inLanguage\":\"ru-RU\",\"potentialAction\":[{\"@type\":\"ReadAction\",\"target\":[\"https:\/\/privetmadrid.com\/transfers\/es\/alquiler-con-conductor\/\"]}]},{\"@type\":\"ImageObject\",\"inLanguage\":\"ru-RU\",\"@id\":\"https:\/\/privetmadrid.com\/transfers\/es\/alquiler-con-conductor\/#primaryimage\",\"url\":\"https:\/\/privetmadrid.com\/transfers\/wp-content\/uploads\/2019\/12\/arenda-avtomobilya-v-madride.jpg\",\"contentUrl\":\"https:\/\/privetmadrid.com\/transfers\/wp-content\/uploads\/2019\/12\/arenda-avtomobilya-v-madride.jpg\",\"width\":800,\"height\":457,\"caption\":\"\u0410\u0440\u0435\u043d\u0434\u0430 \u0410\u0432\u0442\u043e\u043c\u043e\u0431\u0438\u043b\u044f \u041c\u0430\u0434\u0440\u0438\u0434\"},{\"@type\":\"BreadcrumbList\",\"@id\":\"https:\/\/privetmadrid.com\/transfers\/es\/alquiler-con-conductor\/#breadcrumb\",\"itemListElement\":[{\"@type\":\"ListItem\",\"position\":1,\"name\":\"\u0413\u043b\u0430\u0432\u043d\u0430\u044f \u0441\u0442\u0440\u0430\u043d\u0438\u0446\u0430\",\"item\":\"https:\/\/privetmadrid.com\/transfers\/\"},{\"@type\":\"ListItem\",\"position\":2,\"name\":\"Alquiler de coche con conductor en Madrid\"}]},{\"@type\":\"WebSite\",\"@id\":\"https:\/\/privetmadrid.com\/transfers\/#website\",\"url\":\"https:\/\/privetmadrid.com\/transfers\/\",\"name\":\"Privet Madrid\",\"description\":\"Traslados Espa\u00f1a\",\"potentialAction\":[{\"@type\":\"SearchAction\",\"target\":{\"@type\":\"EntryPoint\",\"urlTemplate\":\"https:\/\/privetmadrid.com\/transfers\/?s={search_term_string}\"},\"query-input\":\"required name=search_term_string\"}],\"inLanguage\":\"ru-RU\"}]}<\/script>\n<!-- \/ Yoast SEO plugin. -->","yoast_head_json":{"title":"Alquiler de coche con conductor en Madrid | 24\/7","description":"Alquila coche con conductor en Madrid. Servicio privado, precios fijos, veh\u00edculos premium y reserva f\u00e1cil online. Disponible 24\/7.","robots":{"index":"index","follow":"follow","max-snippet":"max-snippet:-1","max-image-preview":"max-image-preview:large","max-video-preview":"max-video-preview:-1"},"canonical":"https:\/\/privetmadrid.com\/transfers\/es\/alquiler-con-conductor\/","og_locale":"ru_RU","og_type":"article","og_title":"Alquiler de coche con conductor en Madrid | 24\/7","og_description":"Alquila coche con conductor en Madrid. Servicio privado, precios fijos, veh\u00edculos premium y reserva f\u00e1cil online. Disponible 24\/7.","og_url":"https:\/\/privetmadrid.com\/transfers\/es\/alquiler-con-conductor\/","og_site_name":"Privet Madrid","article_modified_time":"2026-04-11T18:24:45+00:00","og_image":[{"width":800,"height":457,"url":"http:\/\/privetmadrid.com\/transfers\/wp-content\/uploads\/2019\/12\/arenda-avtomobilya-v-madride.jpg","type":"image\/jpeg"}],"twitter_card":"summary_large_image","twitter_misc":{"\u041f\u0440\u0438\u043c\u0435\u0440\u043d\u043e\u0435 \u0432\u0440\u0435\u043c\u044f \u0434\u043b\u044f \u0447\u0442\u0435\u043d\u0438\u044f":"4 \u043c\u0438\u043d\u0443\u0442\u044b"},"schema":{"@context":"https:\/\/schema.org","@graph":[{"@type":"WebPage","@id":"https:\/\/privetmadrid.com\/transfers\/es\/alquiler-con-conductor\/","url":"https:\/\/privetmadrid.com\/transfers\/es\/alquiler-con-conductor\/","name":"Alquiler de coche con conductor en Madrid | 24\/7","isPartOf":{"@id":"https:\/\/privetmadrid.com\/transfers\/#website"},"primaryImageOfPage":{"@id":"https:\/\/privetmadrid.com\/transfers\/es\/alquiler-con-conductor\/#primaryimage"},"image":{"@id":"https:\/\/privetmadrid.com\/transfers\/es\/alquiler-con-conductor\/#primaryimage"},"thumbnailUrl":"https:\/\/privetmadrid.com\/transfers\/wp-content\/uploads\/2019\/12\/arenda-avtomobilya-v-madride.jpg","datePublished":"2026-04-11T18:22:03+00:00","dateModified":"2026-04-11T18:24:45+00:00","description":"Alquila coche con conductor en Madrid. Servicio privado, precios fijos, veh\u00edculos premium y reserva f\u00e1cil online. Disponible 24\/7.","breadcrumb":{"@id":"https:\/\/privetmadrid.com\/transfers\/es\/alquiler-con-conductor\/#breadcrumb"},"inLanguage":"ru-RU","potentialAction":[{"@type":"ReadAction","target":["https:\/\/privetmadrid.com\/transfers\/es\/alquiler-con-conductor\/"]}]},{"@type":"ImageObject","inLanguage":"ru-RU","@id":"https:\/\/privetmadrid.com\/transfers\/es\/alquiler-con-conductor\/#primaryimage","url":"https:\/\/privetmadrid.com\/transfers\/wp-content\/uploads\/2019\/12\/arenda-avtomobilya-v-madride.jpg","contentUrl":"https:\/\/privetmadrid.com\/transfers\/wp-content\/uploads\/2019\/12\/arenda-avtomobilya-v-madride.jpg","width":800,"height":457,"caption":"\u0410\u0440\u0435\u043d\u0434\u0430 \u0410\u0432\u0442\u043e\u043c\u043e\u0431\u0438\u043b\u044f \u041c\u0430\u0434\u0440\u0438\u0434"},{"@type":"BreadcrumbList","@id":"https:\/\/privetmadrid.com\/transfers\/es\/alquiler-con-conductor\/#breadcrumb","itemListElement":[{"@type":"ListItem","position":1,"name":"\u0413\u043b\u0430\u0432\u043d\u0430\u044f \u0441\u0442\u0440\u0430\u043d\u0438\u0446\u0430","item":"https:\/\/privetmadrid.com\/transfers\/"},{"@type":"ListItem","position":2,"name":"Alquiler de coche con conductor en Madrid"}]},{"@type":"WebSite","@id":"https:\/\/privetmadrid.com\/transfers\/#website","url":"https:\/\/privetmadrid.com\/transfers\/","name":"Privet Madrid","description":"Traslados Espa\u00f1a","potentialAction":[{"@type":"SearchAction","target":{"@type":"EntryPoint","urlTemplate":"https:\/\/privetmadrid.com\/transfers\/?s={search_term_string}"},"query-input":"required name=search_term_string"}],"inLanguage":"ru-RU"}]}},"_links":{"self":[{"href":"https:\/\/privetmadrid.com\/transfers\/wp-json\/wp\/v2\/pages\/11070"}],"collection":[{"href":"https:\/\/privetmadrid.com\/transfers\/wp-json\/wp\/v2\/pages"}],"about":[{"href":"https:\/\/privetmadrid.com\/transfers\/wp-json\/wp\/v2\/types\/page"}],"author":[{"embeddable":true,"href":"https:\/\/privetmadrid.com\/transfers\/wp-json\/wp\/v2\/users\/2"}],"replies":[{"embeddable":true,"href":"https:\/\/privetmadrid.com\/transfers\/wp-json\/wp\/v2\/comments?post=11070"}],"version-history":[{"count":1,"href":"https:\/\/privetmadrid.com\/transfers\/wp-json\/wp\/v2\/pages\/11070\/revisions"}],"predecessor-version":[{"id":11072,"href":"https:\/\/privetmadrid.com\/transfers\/wp-json\/wp\/v2\/pages\/11070\/revisions\/11072"}],"wp:featuredmedia":[{"embeddable":true,"href":"https:\/\/privetmadrid.com\/transfers\/wp-json\/wp\/v2\/media\/10113"}],"wp:attachment":[{"href":"https:\/\/privetmadrid.com\/transfers\/wp-json\/wp\/v2\/media?parent=11070"}],"curies":[{"name":"wp","href":"https:\/\/api.w.org\/{rel}","templated":true}]}}