{"id":11079,"date":"2026-04-12T08:42:45","date_gmt":"2026-04-12T05:42:45","guid":{"rendered":"https:\/\/privetmadrid.com\/transfers\/?page_id=11079"},"modified":"2026-04-12T08:46:09","modified_gmt":"2026-04-12T05:46:09","slug":"taxi-aeropuerto-barajas","status":"publish","type":"page","link":"https:\/\/privetmadrid.com\/transfers\/es\/taxi-aeropuerto-barajas\/","title":{"rendered":"Taxi aeropuerto Madrid Barajas"},"content":{"rendered":"<h1 data-section-id=\"4cw4k\" data-start=\"150\" data-end=\"223\"><span role=\"text\"><strong data-start=\"152\" data-end=\"223\">Taxi aeropuerto Madrid Barajas: transfer r\u00e1pido al centro y hoteles<\/strong><\/span><\/h1>\n<p data-start=\"225\" data-end=\"505\">El <strong data-start=\"228\" data-end=\"262\">taxi aeropuerto Madrid Barajas<\/strong> es la mejor opci\u00f3n para quienes buscan un traslado r\u00e1pido, c\u00f3modo y sin estr\u00e9s. Reservar un <strong data-start=\"355\" data-end=\"385\">transfer aeropuerto Madrid<\/strong> te permite llegar directamente desde el aeropuerto hasta el centro de la ciudad, hoteles o cualquier destino en Madrid.<\/p>\n<h2 data-section-id=\"b42h6j\" data-start=\"507\" data-end=\"568\"><span role=\"text\"><strong data-start=\"510\" data-end=\"568\">Transfer aeropuerto Madrid Barajas al centro de Madrid<\/strong><\/span><\/h2>\n<p data-start=\"570\" data-end=\"768\">Si necesitas un <strong data-start=\"586\" data-end=\"626\">traslado aeropuerto Madrid al centro<\/strong>, un servicio de <strong data-start=\"643\" data-end=\"669\">taxi aeropuerto Madrid<\/strong> es la soluci\u00f3n m\u00e1s eficiente. Evitas esperas, transporte p\u00fablico y complicaciones con el equipaje.<\/p>\n<p data-start=\"770\" data-end=\"995\">El <strong data-start=\"773\" data-end=\"810\">transfer aeropuerto Madrid centro<\/strong> es ideal para turistas que llegan a la ciudad y quieren comenzar su viaje de forma c\u00f3moda. Tu conductor te recoger\u00e1 en el aeropuerto y te llevar\u00e1 directamente a tu hotel o apartamento.<\/p>\n<h2 data-section-id=\"1rs3b0c\" data-start=\"997\" data-end=\"1059\"><span role=\"text\"><strong data-start=\"1000\" data-end=\"1059\">Taxi aeropuerto Madrid a hoteles y direcciones privadas<\/strong><\/span><\/h2>\n<p data-start=\"1061\" data-end=\"1241\">Ofrecemos <strong data-start=\"1071\" data-end=\"1107\">taxi aeropuerto Madrid a hoteles<\/strong> con servicio puerta a puerta. El <strong data-start=\"1141\" data-end=\"1179\">traslado aeropuerto Madrid hoteles<\/strong> es perfecto para viajeros que buscan comodidad y puntualidad.<\/p>\n<p data-start=\"1243\" data-end=\"1392\">Tambi\u00e9n puedes reservar un <strong data-start=\"1270\" data-end=\"1322\">transfer aeropuerto Madrid a cualquier direcci\u00f3n<\/strong>, ya sea en el centro, zonas residenciales o alrededores de la ciudad.<\/p>\n<h2 data-section-id=\"1lqevf8\" data-start=\"1394\" data-end=\"1440\"><span role=\"text\"><strong data-start=\"1397\" data-end=\"1440\">Ventajas del transfer aeropuerto Madrid<\/strong><\/span><\/h2>\n<p data-start=\"1442\" data-end=\"1534\">Elegir un <strong data-start=\"1452\" data-end=\"1482\">transfer aeropuerto Madrid<\/strong> o <strong data-start=\"1485\" data-end=\"1511\">taxi aeropuerto Madrid<\/strong> tiene muchas ventajas:<\/p>\n<ul data-start=\"1536\" data-end=\"1754\">\n<li data-section-id=\"16hz5hw\" data-start=\"1536\" data-end=\"1570\">Precio fijo sin costes ocultos<\/li>\n<li data-section-id=\"m8j7wc\" data-start=\"1571\" data-end=\"1612\">Recogida en aeropuerto Madrid Barajas<\/li>\n<li data-section-id=\"1rwsfuf\" data-start=\"1613\" data-end=\"1641\">Servicio puerta a puerta<\/li>\n<li data-section-id=\"bpcyqx\" data-start=\"1642\" data-end=\"1671\">Conductores profesionales<\/li>\n<li data-section-id=\"n1f87q\" data-start=\"1672\" data-end=\"1709\">Veh\u00edculos modernos y confortables<\/li>\n<li data-section-id=\"j1qrkr\" data-start=\"1710\" data-end=\"1729\">Disponible 24\/7<\/li>\n<li data-section-id=\"iwchuy\" data-start=\"1730\" data-end=\"1754\">Sin esperas ni colas<\/li>\n<\/ul>\n<p data-start=\"1756\" data-end=\"1833\">Con un <strong data-start=\"1763\" data-end=\"1793\">traslado aeropuerto Madrid<\/strong>, tu viaje ser\u00e1 r\u00e1pido, seguro y c\u00f3modo.<\/p>\n<h2 data-section-id=\"kr6z75\" data-start=\"1835\" data-end=\"1885\"><span role=\"text\"><strong data-start=\"1838\" data-end=\"1885\">Taxi Barajas Madrid para salidas y llegadas<\/strong><\/span><\/h2>\n<p data-start=\"1887\" data-end=\"2073\">Puedes reservar un <strong data-start=\"1906\" data-end=\"1929\">taxi Barajas Madrid<\/strong> tanto para recogidas como para salidas. El servicio de <strong data-start=\"1985\" data-end=\"2012\">traslado Barajas Madrid<\/strong> garantiza que llegar\u00e1s al aeropuerto a tiempo para tu vuelo.<\/p>\n<p data-start=\"2075\" data-end=\"2216\">Si sales desde tu hotel o casa, el <strong data-start=\"2110\" data-end=\"2140\">transfer aeropuerto Madrid<\/strong> te recoger\u00e1 en el horario indicado y te llevar\u00e1 directamente a la terminal.<\/p>\n<h2 data-section-id=\"qzu153\" data-start=\"2218\" data-end=\"2278\"><span role=\"text\"><strong data-start=\"2221\" data-end=\"2278\">Transfer aeropuerto Madrid para todo tipo de viajeros<\/strong><\/span><\/h2>\n<p data-start=\"2280\" data-end=\"2324\">El <strong data-start=\"2283\" data-end=\"2309\">taxi aeropuerto Madrid<\/strong> es ideal para:<\/p>\n<ul data-start=\"2326\" data-end=\"2403\">\n<li data-section-id=\"k1jybr\" data-start=\"2326\" data-end=\"2338\">Turistas<\/li>\n<li data-section-id=\"19o3mfy\" data-start=\"2339\" data-end=\"2361\">Viajes de negocios<\/li>\n<li data-section-id=\"wc42lw\" data-start=\"2362\" data-end=\"2384\">Familias con ni\u00f1os<\/li>\n<li data-section-id=\"1qofk0c\" data-start=\"2385\" data-end=\"2403\">Grupos grandes<\/li>\n<\/ul>\n<p data-start=\"2405\" data-end=\"2502\">Tambi\u00e9n ofrecemos veh\u00edculos m\u00e1s grandes como minivans para <strong data-start=\"2464\" data-end=\"2501\">traslado aeropuerto Madrid grupos<\/strong>.<\/p>\n<h2 data-section-id=\"1nfclv0\" data-start=\"2504\" data-end=\"2551\"><span role=\"text\"><strong data-start=\"2507\" data-end=\"2551\">Reserva tu taxi aeropuerto Madrid online<\/strong><\/span><\/h2>\n<p data-start=\"2553\" data-end=\"2707\">Reservar un <strong data-start=\"2565\" data-end=\"2591\">taxi aeropuerto Madrid<\/strong> es muy f\u00e1cil. Solo tienes que elegir tu ruta, indicar la hora y confirmar tu <strong data-start=\"2669\" data-end=\"2699\">transfer aeropuerto Madrid<\/strong> online.<\/p>\n<p data-start=\"2709\" data-end=\"2824\">Nuestro servicio de <strong data-start=\"2729\" data-end=\"2767\">traslado aeropuerto Madrid Barajas<\/strong> garantiza puntualidad, comodidad y atenci\u00f3n profesional.<\/p>\n<h2 data-section-id=\"1d3lpoi\" data-start=\"2831\" data-end=\"2894\"><span role=\"text\"><strong data-start=\"2834\" data-end=\"2894\">Empieza tu viaje con el mejor transfer aeropuerto Madrid<\/strong><\/span><\/h2>\n<p data-start=\"2896\" data-end=\"3076\">Ya sea un <strong data-start=\"2906\" data-end=\"2932\">taxi aeropuerto Madrid<\/strong>, un <strong data-start=\"2937\" data-end=\"2975\">transfer aeropuerto Madrid Barajas<\/strong> o un <strong data-start=\"2981\" data-end=\"3021\">traslado aeropuerto Madrid al centro<\/strong>, elegir un servicio profesional marcar\u00e1 la diferencia.<\/p>\n<p data-start=\"3078\" data-end=\"3196\">Reserva ahora tu <strong data-start=\"3095\" data-end=\"3121\">taxi aeropuerto Madrid<\/strong> y disfruta de un viaje sin estr\u00e9s, r\u00e1pido y c\u00f3modo desde el primer minuto.<\/p>\n","protected":false},"excerpt":{"rendered":"<p>Taxi aeropuerto Madrid Barajas: transfer r\u00e1pido al centro y hoteles El taxi aeropuerto Madrid Barajas es la mejor opci\u00f3n para quienes buscan un traslado r\u00e1pido, c\u00f3modo y sin estr\u00e9s. Reservar un transfer aeropuerto Madrid te permite llegar directamente desde el [&hellip;]<\/p>\n","protected":false},"author":2,"featured_media":4643,"parent":0,"menu_order":0,"comment_status":"closed","ping_status":"closed","template":"","meta":{"inline_featured_image":false,"_glsr_average":0,"_glsr_ranking":0,"_glsr_reviews":0,"footnotes":""},"yoast_head":"<!-- This site is optimized with the Yoast SEO plugin v22.9 - https:\/\/yoast.com\/wordpress\/plugins\/seo\/ -->\n<title>Taxi Aeropuerto Madrid Barajas | Transfer 24\/7 al Centro<\/title>\n<meta name=\"description\" content=\"Taxi aeropuerto Madrid Barajas con precio fijo. Transfer r\u00e1pido al centro y hoteles, conductores profesionales y servicio 24\/7. Reserva online f\u00e1cil.\" \/>\n<meta name=\"robots\" content=\"index, follow, max-snippet:-1, max-image-preview:large, max-video-preview:-1\" \/>\n<link rel=\"canonical\" href=\"https:\/\/privetmadrid.com\/transfers\/es\/taxi-aeropuerto-barajas\/\" \/>\n<meta property=\"og:locale\" content=\"ru_RU\" \/>\n<meta property=\"og:type\" content=\"article\" \/>\n<meta property=\"og:title\" content=\"Taxi Aeropuerto Madrid Barajas | Transfer 24\/7 al Centro\" \/>\n<meta property=\"og:description\" content=\"Taxi aeropuerto Madrid Barajas con precio fijo. Transfer r\u00e1pido al centro y hoteles, conductores profesionales y servicio 24\/7. Reserva online f\u00e1cil.\" \/>\n<meta property=\"og:url\" content=\"https:\/\/privetmadrid.com\/transfers\/es\/taxi-aeropuerto-barajas\/\" \/>\n<meta property=\"og:site_name\" content=\"Privet Madrid\" \/>\n<meta property=\"article:modified_time\" content=\"2026-04-12T05:46:09+00:00\" \/>\n<meta property=\"og:image\" content=\"http:\/\/privetmadrid.com\/transfers\/wp-content\/uploads\/2020\/04\/taxi-iz-aeroporta-min.jpg\" \/>\n\t<meta property=\"og:image:width\" content=\"1500\" \/>\n\t<meta property=\"og:image:height\" content=\"1000\" \/>\n\t<meta property=\"og:image:type\" content=\"image\/jpeg\" \/>\n<meta name=\"twitter:card\" content=\"summary_large_image\" \/>\n<meta name=\"twitter:label1\" content=\"\u041f\u0440\u0438\u043c\u0435\u0440\u043d\u043e\u0435 \u0432\u0440\u0435\u043c\u044f \u0434\u043b\u044f \u0447\u0442\u0435\u043d\u0438\u044f\" \/>\n\t<meta name=\"twitter:data1\" content=\"3 \u043c\u0438\u043d\u0443\u0442\u044b\" \/>\n<script type=\"application\/ld+json\" class=\"yoast-schema-graph\">{\"@context\":\"https:\/\/schema.org\",\"@graph\":[{\"@type\":\"WebPage\",\"@id\":\"https:\/\/privetmadrid.com\/transfers\/es\/taxi-aeropuerto-barajas\/\",\"url\":\"https:\/\/privetmadrid.com\/transfers\/es\/taxi-aeropuerto-barajas\/\",\"name\":\"Taxi Aeropuerto Madrid Barajas | Transfer 24\/7 al Centro\",\"isPartOf\":{\"@id\":\"https:\/\/privetmadrid.com\/transfers\/#website\"},\"primaryImageOfPage\":{\"@id\":\"https:\/\/privetmadrid.com\/transfers\/es\/taxi-aeropuerto-barajas\/#primaryimage\"},\"image\":{\"@id\":\"https:\/\/privetmadrid.com\/transfers\/es\/taxi-aeropuerto-barajas\/#primaryimage\"},\"thumbnailUrl\":\"https:\/\/privetmadrid.com\/transfers\/wp-content\/uploads\/2020\/04\/taxi-iz-aeroporta-min.jpg\",\"datePublished\":\"2026-04-12T05:42:45+00:00\",\"dateModified\":\"2026-04-12T05:46:09+00:00\",\"description\":\"Taxi aeropuerto Madrid Barajas con precio fijo. Transfer r\u00e1pido al centro y hoteles, conductores profesionales y servicio 24\/7. Reserva online f\u00e1cil.\",\"breadcrumb\":{\"@id\":\"https:\/\/privetmadrid.com\/transfers\/es\/taxi-aeropuerto-barajas\/#breadcrumb\"},\"inLanguage\":\"ru-RU\",\"potentialAction\":[{\"@type\":\"ReadAction\",\"target\":[\"https:\/\/privetmadrid.com\/transfers\/es\/taxi-aeropuerto-barajas\/\"]}]},{\"@type\":\"ImageObject\",\"inLanguage\":\"ru-RU\",\"@id\":\"https:\/\/privetmadrid.com\/transfers\/es\/taxi-aeropuerto-barajas\/#primaryimage\",\"url\":\"https:\/\/privetmadrid.com\/transfers\/wp-content\/uploads\/2020\/04\/taxi-iz-aeroporta-min.jpg\",\"contentUrl\":\"https:\/\/privetmadrid.com\/transfers\/wp-content\/uploads\/2020\/04\/taxi-iz-aeroporta-min.jpg\",\"width\":1500,\"height\":1000},{\"@type\":\"BreadcrumbList\",\"@id\":\"https:\/\/privetmadrid.com\/transfers\/es\/taxi-aeropuerto-barajas\/#breadcrumb\",\"itemListElement\":[{\"@type\":\"ListItem\",\"position\":1,\"name\":\"\u0413\u043b\u0430\u0432\u043d\u0430\u044f \u0441\u0442\u0440\u0430\u043d\u0438\u0446\u0430\",\"item\":\"https:\/\/privetmadrid.com\/transfers\/\"},{\"@type\":\"ListItem\",\"position\":2,\"name\":\"Taxi aeropuerto Madrid Barajas\"}]},{\"@type\":\"WebSite\",\"@id\":\"https:\/\/privetmadrid.com\/transfers\/#website\",\"url\":\"https:\/\/privetmadrid.com\/transfers\/\",\"name\":\"Privet Madrid\",\"description\":\"Traslados Espa\u00f1a\",\"potentialAction\":[{\"@type\":\"SearchAction\",\"target\":{\"@type\":\"EntryPoint\",\"urlTemplate\":\"https:\/\/privetmadrid.com\/transfers\/?s={search_term_string}\"},\"query-input\":\"required name=search_term_string\"}],\"inLanguage\":\"ru-RU\"}]}<\/script>\n<!-- \/ Yoast SEO plugin. -->","yoast_head_json":{"title":"Taxi Aeropuerto Madrid Barajas | Transfer 24\/7 al Centro","description":"Taxi aeropuerto Madrid Barajas con precio fijo. Transfer r\u00e1pido al centro y hoteles, conductores profesionales y servicio 24\/7. Reserva online f\u00e1cil.","robots":{"index":"index","follow":"follow","max-snippet":"max-snippet:-1","max-image-preview":"max-image-preview:large","max-video-preview":"max-video-preview:-1"},"canonical":"https:\/\/privetmadrid.com\/transfers\/es\/taxi-aeropuerto-barajas\/","og_locale":"ru_RU","og_type":"article","og_title":"Taxi Aeropuerto Madrid Barajas | Transfer 24\/7 al Centro","og_description":"Taxi aeropuerto Madrid Barajas con precio fijo. Transfer r\u00e1pido al centro y hoteles, conductores profesionales y servicio 24\/7. Reserva online f\u00e1cil.","og_url":"https:\/\/privetmadrid.com\/transfers\/es\/taxi-aeropuerto-barajas\/","og_site_name":"Privet Madrid","article_modified_time":"2026-04-12T05:46:09+00:00","og_image":[{"width":1500,"height":1000,"url":"http:\/\/privetmadrid.com\/transfers\/wp-content\/uploads\/2020\/04\/taxi-iz-aeroporta-min.jpg","type":"image\/jpeg"}],"twitter_card":"summary_large_image","twitter_misc":{"\u041f\u0440\u0438\u043c\u0435\u0440\u043d\u043e\u0435 \u0432\u0440\u0435\u043c\u044f \u0434\u043b\u044f \u0447\u0442\u0435\u043d\u0438\u044f":"3 \u043c\u0438\u043d\u0443\u0442\u044b"},"schema":{"@context":"https:\/\/schema.org","@graph":[{"@type":"WebPage","@id":"https:\/\/privetmadrid.com\/transfers\/es\/taxi-aeropuerto-barajas\/","url":"https:\/\/privetmadrid.com\/transfers\/es\/taxi-aeropuerto-barajas\/","name":"Taxi Aeropuerto Madrid Barajas | Transfer 24\/7 al Centro","isPartOf":{"@id":"https:\/\/privetmadrid.com\/transfers\/#website"},"primaryImageOfPage":{"@id":"https:\/\/privetmadrid.com\/transfers\/es\/taxi-aeropuerto-barajas\/#primaryimage"},"image":{"@id":"https:\/\/privetmadrid.com\/transfers\/es\/taxi-aeropuerto-barajas\/#primaryimage"},"thumbnailUrl":"https:\/\/privetmadrid.com\/transfers\/wp-content\/uploads\/2020\/04\/taxi-iz-aeroporta-min.jpg","datePublished":"2026-04-12T05:42:45+00:00","dateModified":"2026-04-12T05:46:09+00:00","description":"Taxi aeropuerto Madrid Barajas con precio fijo. Transfer r\u00e1pido al centro y hoteles, conductores profesionales y servicio 24\/7. Reserva online f\u00e1cil.","breadcrumb":{"@id":"https:\/\/privetmadrid.com\/transfers\/es\/taxi-aeropuerto-barajas\/#breadcrumb"},"inLanguage":"ru-RU","potentialAction":[{"@type":"ReadAction","target":["https:\/\/privetmadrid.com\/transfers\/es\/taxi-aeropuerto-barajas\/"]}]},{"@type":"ImageObject","inLanguage":"ru-RU","@id":"https:\/\/privetmadrid.com\/transfers\/es\/taxi-aeropuerto-barajas\/#primaryimage","url":"https:\/\/privetmadrid.com\/transfers\/wp-content\/uploads\/2020\/04\/taxi-iz-aeroporta-min.jpg","contentUrl":"https:\/\/privetmadrid.com\/transfers\/wp-content\/uploads\/2020\/04\/taxi-iz-aeroporta-min.jpg","width":1500,"height":1000},{"@type":"BreadcrumbList","@id":"https:\/\/privetmadrid.com\/transfers\/es\/taxi-aeropuerto-barajas\/#breadcrumb","itemListElement":[{"@type":"ListItem","position":1,"name":"\u0413\u043b\u0430\u0432\u043d\u0430\u044f \u0441\u0442\u0440\u0430\u043d\u0438\u0446\u0430","item":"https:\/\/privetmadrid.com\/transfers\/"},{"@type":"ListItem","position":2,"name":"Taxi aeropuerto Madrid Barajas"}]},{"@type":"WebSite","@id":"https:\/\/privetmadrid.com\/transfers\/#website","url":"https:\/\/privetmadrid.com\/transfers\/","name":"Privet Madrid","description":"Traslados Espa\u00f1a","potentialAction":[{"@type":"SearchAction","target":{"@type":"EntryPoint","urlTemplate":"https:\/\/privetmadrid.com\/transfers\/?s={search_term_string}"},"query-input":"required name=search_term_string"}],"inLanguage":"ru-RU"}]}},"_links":{"self":[{"href":"https:\/\/privetmadrid.com\/transfers\/wp-json\/wp\/v2\/pages\/11079"}],"collection":[{"href":"https:\/\/privetmadrid.com\/transfers\/wp-json\/wp\/v2\/pages"}],"about":[{"href":"https:\/\/privetmadrid.com\/transfers\/wp-json\/wp\/v2\/types\/page"}],"author":[{"embeddable":true,"href":"https:\/\/privetmadrid.com\/transfers\/wp-json\/wp\/v2\/users\/2"}],"replies":[{"embeddable":true,"href":"https:\/\/privetmadrid.com\/transfers\/wp-json\/wp\/v2\/comments?post=11079"}],"version-history":[{"count":3,"href":"https:\/\/privetmadrid.com\/transfers\/wp-json\/wp\/v2\/pages\/11079\/revisions"}],"predecessor-version":[{"id":11083,"href":"https:\/\/privetmadrid.com\/transfers\/wp-json\/wp\/v2\/pages\/11079\/revisions\/11083"}],"wp:featuredmedia":[{"embeddable":true,"href":"https:\/\/privetmadrid.com\/transfers\/wp-json\/wp\/v2\/media\/4643"}],"wp:attachment":[{"href":"https:\/\/privetmadrid.com\/transfers\/wp-json\/wp\/v2\/media?parent=11079"}],"curies":[{"name":"wp","href":"https:\/\/api.w.org\/{rel}","templated":true}]}}