{"id":3295,"date":"2019-12-17T22:26:58","date_gmt":"2019-12-17T19:26:58","guid":{"rendered":"https:\/\/privetmadrid.com\/transfers\/?page_id=3295"},"modified":"2025-09-05T20:11:59","modified_gmt":"2025-09-05T17:11:59","slug":"traslados-en-madrid-y-por-toda-espana","status":"publish","type":"page","link":"https:\/\/privetmadrid.com\/transfers\/es\/","title":{"rendered":"Transfer en Madrid y toda Espa\u00f1a"},"content":{"rendered":"<div  class=\"one withsmallpadding ppb_text\" style=\"text-align:left;padding:0px 0 0px 0;\" >\n<div class=\"standard_wrapper\">\n<div class=\"page_content_wrapper\">\n<div class=\"inner\">\n<div style=\"margin:auto;width:100%\">\n<div class=\"pm-col4\">\n<div class=\"pm-left-block\">\n<h3>\u00bfPor qu\u00e9 escogernos?<\/h3>\n<p style=\"text-align: justify;\">Somos especialistas en Traslados y con flota propia tenemos m\u00e1s de 15 a\u00f1os de experiencia.<\/p>\n<\/div>\n<div class=\"pm-right-block\">\n<div class=\"pm-col-3-border\">\n<p><img loading=\"lazy\" decoding=\"async\" class=\"wp-image-5471 aligncenter\" src=\"https:\/\/privetmadrid.com\/transfers\/wp-content\/uploads\/2020\/05\/donation.svg\" alt=\"\" width=\"69\" height=\"69\" \/><\/p>\n<h4 class=\"pm-title-block\">Precios cerrados<\/h4>\n<p class=\"default\" style=\"text-align: center;\">Viajar\u00e1 tranquilo de saber que los precios incluyen gasolina, parking y peajes.<\/p>\n<\/div>\n<div class=\"pm-col-3-border\">\n<p><img loading=\"lazy\" decoding=\"async\" class=\"wp-image-5471 aligncenter\" src=\"https:\/\/privetmadrid.com\/transfers\/wp-content\/uploads\/2020\/05\/fix-price.svg\" alt=\"\" width=\"69\" height=\"69\" \/><\/p>\n<h4 class=\"pm-title-block\">Precios fijos<\/h4>\n<p class=\"default\" style=\"text-align: center;\">Nuestros precios no dependen de posibles atascos o imprevistos.<\/p>\n<\/div>\n<div class=\"pm-col-3-border\">\n<p><img loading=\"lazy\" decoding=\"async\" class=\"wp-image-5471 aligncenter\" src=\"https:\/\/privetmadrid.com\/transfers\/wp-content\/uploads\/2020\/05\/advance-money.svg\" alt=\"\" width=\"69\" height=\"69\" \/><\/p>\n<h4 class=\"pm-title-block\">Sin pagos anticipados<\/h4>\n<p class=\"default\" style=\"text-align: center;\">Si lo prefieren pueden pagar directamente al conductor.<\/p>\n<\/div>\n<\/div>\n<\/div>\n<\/div>\n<\/div>\n<\/div>\n<\/div>\n<\/div>\n<div  class=\"one withsmallpadding ppb_text\" style=\"text-align:center;padding:0px 0 0px 0;margin-top:30px;\" >\n<div class=\"standard_wrapper\">\n<div class=\"page_content_wrapper\">\n<div class=\"inner\">\n<div style=\"margin:auto;width:100%\">\n<p><span class=\"pm-title-block-main\" style=\"margin-top: 40px;\">Nuestra flota<\/span><\/p>\n<\/div>\n<\/div>\n<\/div>\n<\/div>\n<\/div>\n<div  class=\"one withsmallpadding ppb_text\" style=\"text-align:center;padding:0px 0 0px 0;margin-top:30px;margin-bottom:30px;\" >\n<div class=\"standard_wrapper\">\n<div class=\"page_content_wrapper\">\n<div class=\"inner\">\n<div style=\"margin:auto;width:100%\">\n<div class=\"pm-display-flex-car\">\n<div class=\"pm-col-3\">\n<div class=\"pm-flex-3 pm-border\">\n<p><img decoding=\"async\" class=\"wp-image-5471 alignnone\" src=\"https:\/\/privetmadrid.com\/transfers\/wp-content\/uploads\/2020\/05\/cars-nissan.jpg\" alt=\"\" width=\"100%\" height=\"auto\" \/><\/p>\n<h4 class=\"pm-title-block\">Est\u00e1ndar<\/h4>\n<p class=\"cars-text\" style=\"text-align: center;\">Hasta 3 pasajeros con ni\u00f1o.<\/p>\n<\/div>\n<\/div>\n<div class=\"pm-col-3\">\n<div class=\"pm-flex-3 pm-border\">\n<p><img loading=\"lazy\" decoding=\"async\" class=\"alignnone wp-image-4821\" src=\"https:\/\/privetmadrid.com\/transfers\/wp-content\/uploads\/2019\/12\/4.jpg\" alt=\"\" width=\"600\" height=\"420\" \/><\/p>\n<h4 class=\"pm-title-block\">Minivan<\/h4>\n<p class=\"cars-text\" style=\"text-align: center;\">C\u00f3modo para grupos hasta 8 pasajeros.<\/p>\n<\/div>\n<\/div>\n<div class=\"pm-col-3\">\n<div class=\"pm-flex-3 pm-border\">\n<p><img loading=\"lazy\" decoding=\"async\" class=\"alignnone wp-image-5551 size-full\" src=\"https:\/\/privetmadrid.com\/transfers\/wp-content\/uploads\/2020\/05\/cars-mers.jpg\" alt=\"\" width=\"600\" height=\"420\" \/><\/p>\n<h4 class=\"pm-title-block\">Premium<\/h4>\n<p class=\"cars-text\" style=\"text-align: center;\">Para la m\u00e1xima comodidad.<\/p>\n<\/div>\n<\/div>\n<\/div>\n<\/div>\n<\/div>\n<\/div>\n<\/div>\n<\/div>\n<div  class=\"one withsmallpadding ppb_text\" style=\"text-align:center;padding:0px 0 0px 0;margin-top:30px;margin-bottom:30px;\" >\n<div class=\"standard_wrapper\">\n<div class=\"page_content_wrapper\">\n<div class=\"inner\">\n<div style=\"margin:auto;width:100%\">\n<p><span class=\"pm-title-block-main\">Nuestras Ventajas<\/span><\/p>\n<\/div>\n<\/div>\n<\/div>\n<\/div>\n<\/div>\n<div  class=\"one withsmallpadding ppb_text\" style=\"text-align:center;padding:0px 0 0px 0;margin-bottom:50px;\" >\n<div class=\"standard_wrapper\">\n<div class=\"page_content_wrapper\">\n<div class=\"inner\">\n<div style=\"margin:auto;width:100%\">\n<div class=\"pm-car-circle\">\n<div class=\"pm-col-2\">\n<div class=\"pm-flex-list\">\n<p><img loading=\"lazy\" decoding=\"async\" class=\"wp-image-5471 aligncenter\" src=\"https:\/\/privetmadrid.com\/transfers\/wp-content\/uploads\/2020\/05\/pm-time.svg\" alt=\"\" width=\"79\" height=\"80\" \/><\/p>\n<div class=\"pm-icon-desc\">\n<h4 class=\"pm-title-block\" style=\"text-align: left;\">Sin costes de espera<\/h4>\n<p class=\"none\" style=\"text-align: justify;\">Hasta 60 minutos de espera en Estaciones de Trenes, Autobuses u Aeropuerto.<\/p>\n<\/div>\n<\/div>\n<div class=\"pm-flex-list\">\n<p><img loading=\"lazy\" decoding=\"async\" class=\"wp-image-5471 aligncenter\" src=\"https:\/\/privetmadrid.com\/transfers\/wp-content\/uploads\/2020\/05\/pm-money.svg\" alt=\"\" width=\"79\" height=\"80\" \/><\/p>\n<div class=\"pm-icon-desc\">\n<h4 class=\"pm-title-block\" style=\"text-align: left;\">Garantizamos mejores precios<\/h4>\n<p class=\"none\" style=\"text-align: justify;\">Tenemos los mejores precios del mercado.<\/p>\n<\/div>\n<\/div>\n<div class=\"pm-flex-list\">\n<p><img decoding=\"async\" class=\"wp-image-5471 aligncenter\" src=\"https:\/\/privetmadrid.com\/transfers\/wp-content\/uploads\/2020\/05\/pm-diplom.svg\" alt=\"\" width=\"79\" height=\"auto\" \/><\/p>\n<div class=\"pm-icon-desc\">\n<h4 class=\"pm-title-block\" style=\"text-align: left;\">Veh\u00edculos Oficiales<\/h4>\n<p class=\"none\" style=\"text-align: justify;\">Todos nuestros coches cuentan con Licencia y Seguros Especiales.<\/p>\n<\/div>\n<\/div>\n<\/div>\n<div class=\"pm-col-2\"><img decoding=\"async\" class=\"car-circle wp-image-5471 aligncenter\" src=\"https:\/\/privetmadrid.com\/transfers\/wp-content\/uploads\/2020\/05\/pm-car-circle.jpg\" alt=\"\" width=\"516\" height=\"auto\" \/><\/div>\n<\/div>\n<\/div>\n<\/div>\n<\/div>\n<\/div>\n<\/div>\n<div  class=\"one withsmallpadding ppb_text\" style=\"text-align:center;padding:0px 0 0px 0;margin-top:50px;margin-bottom:30px;\" >\n<div class=\"standard_wrapper\">\n<div class=\"page_content_wrapper\">\n<div class=\"inner\">\n<div style=\"margin:auto;width:100%\">\n<div class=\"pm-display-3-img display-flex\">\n<div class=\"pm-col-3\">\n<div class=\"pm-flex-3-img\">\n<div class=\"img-1\"><\/div>\n<div class=\"pm-img-desc pm-triangle-top\">\n<div class=\"none\">\n<h4 class=\"pm-title-block-img\" style=\"text-align: center;\">Excursiones en Madrid y Alrededores<\/h4>\n<p class=\"none\" style=\"text-align: justify;\">Adem\u00e1s de traslados, nuestros especialistas les recomendar\u00e1n nuestras mejores excursiones acorde a sus intereses para pasar una experiencia inolvidable en nuestra ciudad.<\/p>\n<\/div>\n<\/div>\n<\/div>\n<\/div>\n<div class=\"pm-col-3\">\n<div class=\"pm-flex-3-img\">\n<div class=\"img-2 pm-display-none\"><\/div>\n<div class=\"pm-img-desc pm-triangle-bottom\">\n<div class=\"pm-triangle-movil-top\"><\/div>\n<div class=\"none\">\n<h4 class=\"pm-title-block-img\" style=\"text-align: center;\">Gran variedad de Tours<\/h4>\n<p class=\"none\" style=\"text-align: justify;\"><span style=\"color: #000000;\">Para nuestros Clientes les ofrecemos una gran variedad de Tours de diferentes duraciones y destinos y as\u00ed aprovechar\u00e1n al m\u00e1ximo su viaje.<br \/>\n<\/span><\/p>\n<\/div>\n<\/div>\n<div class=\"img-2 pm-movil-none\"><\/div>\n<\/div>\n<\/div>\n<div class=\"pm-col-3\">\n<div class=\"pm-flex-3-img\">\n<div class=\"img-3\"><\/div>\n<div class=\"pm-img-desc pm-triangle-top\">\n<div class=\"none\">\n<h4 class=\"pm-title-block-img\" style=\"text-align: center;\">Servicios de Conserjeria<\/h4>\n<p class=\"none\" style=\"text-align: justify;\"><span style=\"color: #000000;\">Para nuestros clientes les ofrecemos servicios de Conserjer\u00eda durante su estancia tales como: asistencia para la Compra de entradas para espect\u00e1culos o acontecimientos deportivos como futbol.<br \/>\n<\/span><\/p>\n<\/div>\n<\/div>\n<\/div>\n<\/div>\n<\/div>\n<\/div>\n<\/div>\n<\/div>\n<\/div>\n<\/div>\n<div  class=\"one withsmallpadding ppb_text\" style=\"text-align:left;padding:0px 0 0px 0;margin-top:50px;margin-bottom:30px;\" >\n<div class=\"standard_wrapper\">\n<div class=\"page_content_wrapper\">\n<div class=\"inner\">\n<div style=\"margin:auto;width:100%\">\n<div class=\"one_half \" style=\"\">\n<h3 style=\"padding-bottom: 15px;\"><strong style=\"padding-bottom: 30px;\">Preguntas Frecuentes<\/strong><\/h3>\n<p style=\"text-align: justify;\">\n<div class=\"pp_accordion_close has_icon\">\n<h3><a href=\"#\">\u00bfD\u00f3nde me recoge mi Conductor?<\/a><\/h3>\n<div>\n<p>\nSi la recogida es en el Aeropuerto, nuestro Conductor le estar\u00e1 esperando con un Cartel con el nombre que nos hayan mandado en el momento de la Reserva.<\/p>\n<p style=\"text-align: justify;\">Si es un Hotel, en la Recepci\u00f3n del Hotel.<\/p>\n<p style=\"text-align: justify;\">En el caso de otros lugares como Estaci\u00f3n de Trenes, Autobuses, seg\u00fan acordemos en la Reserva.<\/p>\n<p style=\"text-align: justify;\">Si se encuentra en un lugar reservado para peatones nuestro Conductor intentar\u00e1 aparcar el veh\u00edculo en una zona pr\u00f3xima e ir\u00e1 andando a recogerles para acompa\u00f1arles.\n<\/p>\n<\/div>\n<\/div>\n<div class=\"pp_accordion_close has_icon\">\n<h3><a href=\"#\">\u00bfQu\u00e9 hacer si nuestro vuelo se retrasa?<\/a><\/h3>\n<div>\n<p>\nSi su vuelo se retrasa con mucha diferencia p\u00f3ngase en contacto con nosotros para poder organizar el nuevo horario al email <a href=\"mailto:info@privetmadrid.com\">info@privetmadrid.com<\/a> o por tel\u00e9fono al +34 687 533 687<\/p>\n<p style=\"text-align: justify;\">\n<\/div>\n<\/div>\n<div class=\"pp_accordion_close has_icon\">\n<h3><a href=\"#\">\u00bfNuestro Conductor hablar\u00e1 nuestro idioma?<\/a><\/h3>\n<div>\n<p> Siempre intentamos ofrecerle Conductor que hable su idioma para su m\u00e1xima comodidad. Si se trata de los m\u00e1s comunes de nuestra Agencia se lo podremos garantizar como espa\u00f1ol, ingl\u00e9s, ruso, alem\u00e1n y franc\u00e9s. Sin embargo, en caso concreto de que el conductor no sepa, le asisitiremos v\u00eda telef\u00f3nica.<\/p>\n<p style=\"text-align: justify;\">\n<\/div>\n<\/div>\n<div class=\"pp_accordion_close has_icon\">\n<h3><a href=\"#\">\u00bfQu\u00e9 Autom\u00f3vil me ofrecen??<\/a><\/h3>\n<div>\n<p>\nDividimos la categor\u00eda en funci\u00f3n de la capacidad de pasajeros que se requieran en Sedan (hasta 3), Monovolumen (desde 4) y Van (a partir de 7). Para grupos mayores pueden consultar con nosotros y nos encargamos de ofrecerles la mejor soluci\u00f3n.\n<\/p>\n<\/div>\n<\/div>\n<div class=\"pp_accordion_close has_icon\">\n<h3><a href=\"#\">\u00bfCu\u00e1les es vuestra pol\u00edtica de cancelaci\u00f3n?<\/a><\/h3>\n<div>\n<p>Si quieren cancelar o cambiar su reserva por favor contacten a nuestro m\u00f3vil +34 687 533 687 o env\u00eden un correo electr\u00f3nico a info@privetmadrid.com. Entendemos que sus planes pueden cambiar por lo que siempre y que sea con 24horas de antelaci\u00f3n, (no penalizamos), y en caso de haber pagado la reserva por adelantado procederemos a su devoluci\u00f3n.<\/p>\n<p style=\"text-align: justify;\">\n<\/div>\n<\/div>\n<div class=\"pp_accordion_close has_icon\">\n<h3><a href=\"#\">Resulta necesario reservar con anticipaci\u00f3n las sillas para ni\u00f1os?<\/a><\/h3>\n<div>\n<p>Acorde a la legislaci\u00f3n de Espa\u00f1a y de la Uni\u00f3n Europea para viajar con ni\u00f1os es obligatorio que se hagan con sillas especiales para los mismos con fin de evitar multas y su seguridad.<\/p>\n<\/div>\n<\/div>\n<\/div>\n<div class=\"one_half last \" style=\"\">\n<h3 style=\"padding-bottom: 15px; text-align: center;\"><strong style=\"padding-bottom: 30px;\">Nuestros Datos de Contacto<\/strong><\/h3>\n<div class=\"pm-vertical-center\">\n<div class=\"pm-icons-block-shadow\">\n<div class=\"pm-icon-desc\">\n<p class=\"none\">Si tienen alguna pregunta adicional pueden contactar con nosotros.<\/p>\n<\/div>\n<div class=\"pm-flex-list-contact\">\n<p><img loading=\"lazy\" decoding=\"async\" src=\"https:\/\/privetmadrid.com\/transfers\/wp-content\/uploads\/2020\/05\/mail-01.svg\" alt=\"\" width=\"45\" height=\"45\" \/><\/p>\n<div class=\"pm-icon-desc\">\n<h4>info@privetmadrid.com<\/h4>\n<\/div>\n<\/div>\n<div class=\"pm-space-gap\"><\/div>\n<div class=\"pm-flex-list-contact\"><img loading=\"lazy\" decoding=\"async\" src=\"https:\/\/privetmadrid.com\/transfers\/wp-content\/uploads\/2020\/05\/viber-01.svg\" alt=\"\" width=\"45\" height=\"45\" \/><br \/>\n<img loading=\"lazy\" decoding=\"async\" style=\"float: left; padding-left: 10px;\" src=\"https:\/\/privetmadrid.com\/transfers\/wp-content\/uploads\/2020\/05\/whatsapp-01.svg\" alt=\"\" width=\"45\" height=\"45\" \/><\/p>\n<div class=\"pm-icon-desc\">\n<h4>+34 687 533 687<\/h4>\n<\/div>\n<\/div>\n<\/div>\n<p><br class=\"clear\"\/><\/p>\n<\/div>\n<\/div>\n<\/div>\n<\/div>\n<\/div>\n<\/div>\n<\/div>\n","protected":false},"excerpt":{"rendered":"<p>\u00bfPor qu\u00e9 escogernos? Somos especialistas en Traslados y con flota propia tenemos m\u00e1s de 15 a\u00f1os de experiencia. Precios cerrados Viajar\u00e1 tranquilo de saber que los precios incluyen gasolina, parking y peajes. Precios fijos Nuestros precios no dependen de posibles [&hellip;]<\/p>\n","protected":false},"author":1,"featured_media":7509,"parent":0,"menu_order":0,"comment_status":"closed","ping_status":"closed","template":"","meta":{"inline_featured_image":false,"_glsr_average":0,"_glsr_ranking":0,"_glsr_reviews":0,"footnotes":""},"yoast_head":"<!-- This site is optimized with the Yoast SEO plugin v22.9 - https:\/\/yoast.com\/wordpress\/plugins\/seo\/ -->\n<title>Transfer en Madrid y por toda Espa\u00f1a | Privet Madrid<\/title>\n<meta name=\"description\" content=\"Nuestra empresa tienen Veh\u00edculos de Transporte Oficiales para Traslados en Madrid y por toda Espa\u00f1a.\" \/>\n<meta name=\"robots\" content=\"index, follow, max-snippet:-1, max-image-preview:large, max-video-preview:-1\" \/>\n<link rel=\"canonical\" href=\"https:\/\/privetmadrid.com\/transfers\/es\/\" \/>\n<meta property=\"og:locale\" content=\"ru_RU\" \/>\n<meta property=\"og:type\" content=\"article\" \/>\n<meta property=\"og:title\" content=\"Transfer en Madrid y por toda Espa\u00f1a | Privet Madrid\" \/>\n<meta property=\"og:description\" content=\"Nuestra empresa tienen Veh\u00edculos de Transporte Oficiales para Traslados en Madrid y por toda Espa\u00f1a.\" \/>\n<meta property=\"og:url\" content=\"https:\/\/privetmadrid.com\/transfers\/es\/\" \/>\n<meta property=\"og:site_name\" content=\"Transfers Madrid\" \/>\n<meta property=\"article:modified_time\" content=\"2025-09-05T17:11:59+00:00\" \/>\n<meta property=\"og:image\" content=\"http:\/\/privetmadrid.com\/transfers\/wp-content\/uploads\/2020\/05\/pm-bg-main.jpg\" \/>\n\t<meta property=\"og:image:width\" content=\"1500\" \/>\n\t<meta property=\"og:image:height\" content=\"736\" \/>\n\t<meta property=\"og:image:type\" content=\"image\/jpeg\" \/>\n<meta name=\"twitter:card\" content=\"summary_large_image\" \/>\n<meta name=\"twitter:label1\" content=\"\u041f\u0440\u0438\u043c\u0435\u0440\u043d\u043e\u0435 \u0432\u0440\u0435\u043c\u044f \u0434\u043b\u044f \u0447\u0442\u0435\u043d\u0438\u044f\" \/>\n\t<meta name=\"twitter:data1\" content=\"6 \u043c\u0438\u043d\u0443\u0442\" \/>\n<script type=\"application\/ld+json\" class=\"yoast-schema-graph\">{\"@context\":\"https:\/\/schema.org\",\"@graph\":[{\"@type\":\"WebPage\",\"@id\":\"https:\/\/privetmadrid.com\/transfers\/es\/\",\"url\":\"https:\/\/privetmadrid.com\/transfers\/es\/\",\"name\":\"Transfer en Madrid y por toda Espa\u00f1a | Privet Madrid\",\"isPartOf\":{\"@id\":\"https:\/\/privetmadrid.com\/transfers\/#website\"},\"primaryImageOfPage\":{\"@id\":\"https:\/\/privetmadrid.com\/transfers\/es\/#primaryimage\"},\"image\":{\"@id\":\"https:\/\/privetmadrid.com\/transfers\/es\/#primaryimage\"},\"thumbnailUrl\":\"https:\/\/privetmadrid.com\/transfers\/wp-content\/uploads\/2020\/05\/pm-bg-main.jpg\",\"datePublished\":\"2019-12-17T19:26:58+00:00\",\"dateModified\":\"2025-09-05T17:11:59+00:00\",\"description\":\"Nuestra empresa tienen Veh\u00edculos de Transporte Oficiales para Traslados en Madrid y por toda Espa\u00f1a.\",\"breadcrumb\":{\"@id\":\"https:\/\/privetmadrid.com\/transfers\/es\/#breadcrumb\"},\"inLanguage\":\"ru-RU\",\"potentialAction\":[{\"@type\":\"ReadAction\",\"target\":[\"https:\/\/privetmadrid.com\/transfers\/es\/\"]}]},{\"@type\":\"ImageObject\",\"inLanguage\":\"ru-RU\",\"@id\":\"https:\/\/privetmadrid.com\/transfers\/es\/#primaryimage\",\"url\":\"https:\/\/privetmadrid.com\/transfers\/wp-content\/uploads\/2020\/05\/pm-bg-main.jpg\",\"contentUrl\":\"https:\/\/privetmadrid.com\/transfers\/wp-content\/uploads\/2020\/05\/pm-bg-main.jpg\",\"width\":1500,\"height\":736},{\"@type\":\"BreadcrumbList\",\"@id\":\"https:\/\/privetmadrid.com\/transfers\/es\/#breadcrumb\",\"itemListElement\":[{\"@type\":\"ListItem\",\"position\":1,\"name\":\"\u0413\u043b\u0430\u0432\u043d\u0430\u044f \u0441\u0442\u0440\u0430\u043d\u0438\u0446\u0430\",\"item\":\"https:\/\/privetmadrid.com\/transfers\/\"},{\"@type\":\"ListItem\",\"position\":2,\"name\":\"Transfer en Madrid y toda Espa\u00f1a\"}]},{\"@type\":\"WebSite\",\"@id\":\"https:\/\/privetmadrid.com\/transfers\/#website\",\"url\":\"https:\/\/privetmadrid.com\/transfers\/\",\"name\":\"Transfers Madrid\",\"description\":\"Transfers Madrid\",\"potentialAction\":[{\"@type\":\"SearchAction\",\"target\":{\"@type\":\"EntryPoint\",\"urlTemplate\":\"https:\/\/privetmadrid.com\/transfers\/?s={search_term_string}\"},\"query-input\":\"required name=search_term_string\"}],\"inLanguage\":\"ru-RU\"}]}<\/script>\n<!-- \/ Yoast SEO plugin. -->","yoast_head_json":{"title":"Transfer en Madrid y por toda Espa\u00f1a | Privet Madrid","description":"Nuestra empresa tienen Veh\u00edculos de Transporte Oficiales para Traslados en Madrid y por toda Espa\u00f1a.","robots":{"index":"index","follow":"follow","max-snippet":"max-snippet:-1","max-image-preview":"max-image-preview:large","max-video-preview":"max-video-preview:-1"},"canonical":"https:\/\/privetmadrid.com\/transfers\/es\/","og_locale":"ru_RU","og_type":"article","og_title":"Transfer en Madrid y por toda Espa\u00f1a | Privet Madrid","og_description":"Nuestra empresa tienen Veh\u00edculos de Transporte Oficiales para Traslados en Madrid y por toda Espa\u00f1a.","og_url":"https:\/\/privetmadrid.com\/transfers\/es\/","og_site_name":"Transfers Madrid","article_modified_time":"2025-09-05T17:11:59+00:00","og_image":[{"width":1500,"height":736,"url":"http:\/\/privetmadrid.com\/transfers\/wp-content\/uploads\/2020\/05\/pm-bg-main.jpg","type":"image\/jpeg"}],"twitter_card":"summary_large_image","twitter_misc":{"\u041f\u0440\u0438\u043c\u0435\u0440\u043d\u043e\u0435 \u0432\u0440\u0435\u043c\u044f \u0434\u043b\u044f \u0447\u0442\u0435\u043d\u0438\u044f":"6 \u043c\u0438\u043d\u0443\u0442"},"schema":{"@context":"https:\/\/schema.org","@graph":[{"@type":"WebPage","@id":"https:\/\/privetmadrid.com\/transfers\/es\/","url":"https:\/\/privetmadrid.com\/transfers\/es\/","name":"Transfer en Madrid y por toda Espa\u00f1a | Privet Madrid","isPartOf":{"@id":"https:\/\/privetmadrid.com\/transfers\/#website"},"primaryImageOfPage":{"@id":"https:\/\/privetmadrid.com\/transfers\/es\/#primaryimage"},"image":{"@id":"https:\/\/privetmadrid.com\/transfers\/es\/#primaryimage"},"thumbnailUrl":"https:\/\/privetmadrid.com\/transfers\/wp-content\/uploads\/2020\/05\/pm-bg-main.jpg","datePublished":"2019-12-17T19:26:58+00:00","dateModified":"2025-09-05T17:11:59+00:00","description":"Nuestra empresa tienen Veh\u00edculos de Transporte Oficiales para Traslados en Madrid y por toda Espa\u00f1a.","breadcrumb":{"@id":"https:\/\/privetmadrid.com\/transfers\/es\/#breadcrumb"},"inLanguage":"ru-RU","potentialAction":[{"@type":"ReadAction","target":["https:\/\/privetmadrid.com\/transfers\/es\/"]}]},{"@type":"ImageObject","inLanguage":"ru-RU","@id":"https:\/\/privetmadrid.com\/transfers\/es\/#primaryimage","url":"https:\/\/privetmadrid.com\/transfers\/wp-content\/uploads\/2020\/05\/pm-bg-main.jpg","contentUrl":"https:\/\/privetmadrid.com\/transfers\/wp-content\/uploads\/2020\/05\/pm-bg-main.jpg","width":1500,"height":736},{"@type":"BreadcrumbList","@id":"https:\/\/privetmadrid.com\/transfers\/es\/#breadcrumb","itemListElement":[{"@type":"ListItem","position":1,"name":"\u0413\u043b\u0430\u0432\u043d\u0430\u044f \u0441\u0442\u0440\u0430\u043d\u0438\u0446\u0430","item":"https:\/\/privetmadrid.com\/transfers\/"},{"@type":"ListItem","position":2,"name":"Transfer en Madrid y toda Espa\u00f1a"}]},{"@type":"WebSite","@id":"https:\/\/privetmadrid.com\/transfers\/#website","url":"https:\/\/privetmadrid.com\/transfers\/","name":"Transfers Madrid","description":"Transfers Madrid","potentialAction":[{"@type":"SearchAction","target":{"@type":"EntryPoint","urlTemplate":"https:\/\/privetmadrid.com\/transfers\/?s={search_term_string}"},"query-input":"required name=search_term_string"}],"inLanguage":"ru-RU"}]}},"_links":{"self":[{"href":"https:\/\/privetmadrid.com\/transfers\/wp-json\/wp\/v2\/pages\/3295"}],"collection":[{"href":"https:\/\/privetmadrid.com\/transfers\/wp-json\/wp\/v2\/pages"}],"about":[{"href":"https:\/\/privetmadrid.com\/transfers\/wp-json\/wp\/v2\/types\/page"}],"author":[{"embeddable":true,"href":"https:\/\/privetmadrid.com\/transfers\/wp-json\/wp\/v2\/users\/1"}],"replies":[{"embeddable":true,"href":"https:\/\/privetmadrid.com\/transfers\/wp-json\/wp\/v2\/comments?post=3295"}],"version-history":[{"count":103,"href":"https:\/\/privetmadrid.com\/transfers\/wp-json\/wp\/v2\/pages\/3295\/revisions"}],"predecessor-version":[{"id":10987,"href":"https:\/\/privetmadrid.com\/transfers\/wp-json\/wp\/v2\/pages\/3295\/revisions\/10987"}],"wp:featuredmedia":[{"embeddable":true,"href":"https:\/\/privetmadrid.com\/transfers\/wp-json\/wp\/v2\/media\/7509"}],"wp:attachment":[{"href":"https:\/\/privetmadrid.com\/transfers\/wp-json\/wp\/v2\/media?parent=3295"}],"curies":[{"name":"wp","href":"https:\/\/api.w.org\/{rel}","templated":true}]}}