{"id":5223,"date":"2020-05-21T13:28:04","date_gmt":"2020-05-21T10:28:04","guid":{"rendered":"https:\/\/privetmadrid.com\/transfers\/madrid-segoviya-es\/"},"modified":"2021-10-18T23:19:17","modified_gmt":"2021-10-18T20:19:17","slug":"madrid-segovia-es","status":"publish","type":"page","link":"https:\/\/privetmadrid.com\/transfers\/es\/madrid-segovia-es\/","title":{"rendered":"Traslado Madrid &#8212; Segovia"},"content":{"rendered":"<div  class=\"one withsmallpadding ppb_header \" style=\"text-align:left;padding:40px 0 40px 0;\" >\n<div class=\"standard_wrapper\">\n<div class=\"page_content_wrapper\">\n<div class=\"inner\">\n<div style=\"margin:auto;width:100%\">\n<h2 class=\"ppb_title\" style=\"\">\u041e\u0442\u0437\u044b\u0432\u044b<\/h2>\n<\/div>\n<\/div>\n<\/div>\n<\/div>\n<\/div>\n<div  class=\"one withsmallpadding ppb_text\" style=\"text-align:left;padding:40px 0 40px 0;\" >\n<div class=\"standard_wrapper\">\n<div class=\"page_content_wrapper\">\n<div class=\"inner\">\n<div style=\"margin:auto;width:100%\">\n<div class=\"one_third \" style=\"\">\n<div class=\"glsr-shortcode shortcode-site-reviews-summary\">\n<div class=\"glsr-summary-wrap\">\n<div class=\"glsr-summary glsr-default\" id=\"glsr_a780798c\">\n<div class=\"glsr-summary-rating\"><span>0<\/span><\/div>\n<div class=\"glsr-summary-stars\">\n<div class=\"star-rating stars\">\n    <span class=\"screen-reader-text\">\u041e\u0446\u0435\u043d\u043a\u0430 0,0<\/span><\/p>\n<div class=\"star star-empty\" aria-hidden=\"true\"><\/div>\n<div class=\"star star-empty\" aria-hidden=\"true\"><\/div>\n<div class=\"star star-empty\" aria-hidden=\"true\"><\/div>\n<div class=\"star star-empty\" aria-hidden=\"true\"><\/div>\n<div class=\"star star-empty\" aria-hidden=\"true\"><\/div>\n<\/div>\n<\/div>\n<div class=\"glsr-summary-text\"><span>0 \u0438\u0437 5 \u0437\u0432\u0451\u0437\u0434 (\u043e\u0441\u043d\u043e\u0432\u0430\u043d\u043e \u043d\u0430 0 \u043e\u0442\u0437\u044b\u0432\u0430\u0445)<\/span><\/div>\n<\/p><\/div>\n<\/div>\n<p><glsr-shortcode hidden data-atts='{\"category\":\"304\",\"hide\":\"bars\"}'><\/glsr-shortcode><\/div>\n<\/div>\n<div class=\"one_third \" style=\"\">\n<div class=\"glsr-shortcode shortcode-site-reviews-summary\">\n<div class=\"glsr-summary-wrap\">\n<div class=\"glsr-summary glsr-default\" id=\"glsr_2b4ec909\">\n<div class=\"glsr-summary-rating\"><span>0<\/span><\/div>\n<div class=\"glsr-summary-stars\">\n<div class=\"star-rating stars\">\n    <span class=\"screen-reader-text\">\u041e\u0446\u0435\u043d\u043a\u0430 0,0<\/span><\/p>\n<div class=\"star star-empty\" aria-hidden=\"true\"><\/div>\n<div class=\"star star-empty\" aria-hidden=\"true\"><\/div>\n<div class=\"star star-empty\" aria-hidden=\"true\"><\/div>\n<div class=\"star star-empty\" aria-hidden=\"true\"><\/div>\n<div class=\"star star-empty\" aria-hidden=\"true\"><\/div>\n<\/div>\n<\/div>\n<div class=\"glsr-summary-text\"><span>0 \u0438\u0437 5 \u0437\u0432\u0451\u0437\u0434 (\u043e\u0441\u043d\u043e\u0432\u0430\u043d\u043e \u043d\u0430 0 \u043e\u0442\u0437\u044b\u0432\u0430\u0445)<\/span><\/div>\n<div class=\"glsr-summary-percentage\">\n<div class=\"glsr-bar\"><span class=\"glsr-bar-label\">\u041e\u0442\u043b\u0438\u0447\u043d\u043e<\/span><span class=\"glsr-bar-background\"><span class=\"glsr-bar-background-percent\" style=\"width:0%\"><\/span><\/span><span class=\"glsr-bar-percent\">0%<\/span><\/div>\n<div class=\"glsr-bar\"><span class=\"glsr-bar-label\">\u041e\u0447\u0435\u043d\u044c \u0445\u043e\u0440\u043e\u0448\u043e<\/span><span class=\"glsr-bar-background\"><span class=\"glsr-bar-background-percent\" style=\"width:0%\"><\/span><\/span><span class=\"glsr-bar-percent\">0%<\/span><\/div>\n<div class=\"glsr-bar\"><span class=\"glsr-bar-label\">\u041f\u0440\u0438\u0435\u043c\u043b\u0438\u043c\u043e<\/span><span class=\"glsr-bar-background\"><span class=\"glsr-bar-background-percent\" style=\"width:0%\"><\/span><\/span><span class=\"glsr-bar-percent\">0%<\/span><\/div>\n<div class=\"glsr-bar\"><span class=\"glsr-bar-label\">\u041f\u043b\u043e\u0445\u043e<\/span><span class=\"glsr-bar-background\"><span class=\"glsr-bar-background-percent\" style=\"width:0%\"><\/span><\/span><span class=\"glsr-bar-percent\">0%<\/span><\/div>\n<div class=\"glsr-bar\"><span class=\"glsr-bar-label\">\u0423\u0436\u0430\u0441\u043d\u043e<\/span><span class=\"glsr-bar-background\"><span class=\"glsr-bar-background-percent\" style=\"width:0%\"><\/span><\/span><span class=\"glsr-bar-percent\">0%<\/span><\/div>\n<\/div><\/div>\n<\/div>\n<p><glsr-shortcode hidden data-atts='{\"category\":\"304\"}'><\/glsr-shortcode><\/div>\n<\/div>\n<div class=\"one_third last \" style=\"\">\n<a class=\"button small left\" onclick=\"window.open('https:\/\/privetmadrid.com\/transfers\/ru\/ostavit-otzyv\/', '_self')\">deja un comentario<\/a>\n<\/div>\n<p><br class=\"clear\"\/><\/p>\n<\/div>\n<\/div>\n<\/div>\n<\/div>\n<\/div>\n<div  class=\"one withsmallpadding ppb_text\" style=\"text-align:left;padding:40px 0 40px 0;\" >\n<div class=\"standard_wrapper\">\n<div class=\"page_content_wrapper\">\n<div class=\"inner\">\n<div style=\"margin:auto;width:100%\">\n<div class=\"glsr-shortcode shortcode-site-reviews\">\n<div class=\"glsr-reviews-wrap\">\n<div class=\"glsr-default glsr-ajax-pagination\" id=\"glsr_a1784824\">\n<div class=\"glsr-reviews\">\n<p class=\"glsr-no-margins\">\u041e\u0442\u0437\u044b\u0432\u043e\u0432 \u0435\u0449\u0451 \u043d\u0435\u0442. \u041d\u0430\u043f\u0438\u0448\u0438\u0442\u0435 \u043f\u0435\u0440\u0432\u044b\u043c.<\/p>\n<\/div>\n<div class=\"glsr-pagination\"><glsr-pagination hidden data-atts='{\"category\":\"304\",\"display\":\"2\",\"id\":\"glsr_a1784824\",\"pagination\":\"ajax\"}'><\/glsr-pagination><\/div>\n<\/p><\/div>\n<\/div>\n<p><glsr-shortcode hidden data-atts='{\"category\":\"304\",\"display\":\"2\",\"pagination\":\"ajax\"}'><\/glsr-shortcode><\/div>\n<\/div>\n<\/div>\n<\/div>\n<\/div>\n<\/div>\n<div  class=\"one withsmallpadding ppb_header \" style=\"text-align:center;padding:40px 0 40px 0;\" >\n<div class=\"standard_wrapper\">\n<div class=\"page_content_wrapper\">\n<div class=\"inner\">\n<div style=\"margin:auto;width:100%\">\n<h2 class=\"ppb_title\" style=\"\">\u00bfPorqu\u00e9 conviene reservar un Traslado privado de Madrid a Segovia?<\/h2>\n<\/div>\n<\/div>\n<\/div>\n<\/div>\n<\/div>\n<div  class=\"one\" >\n<div class=\"standard_wrapper\">\n<div class=\"page_content_wrapper\">\n<div class=\"inner\">\n<div class=\"one_half content_middle textright\" style=\"padding:40px;\">\n<div class=\"ppb_header_content\">\n<div>\n<p><b>En la tarifa de la reserva incluye:<\/b><\/p>\n<ul>\n<li>WiFi gratis<\/li>\n<li>Bedida de agua<\/li>\n<li>Cancelaci\u00f3n sin coste<\/li>\n<li>Reserva sin previo pago<\/li>\n<\/ul>\n<\/div>\n<p><b>Autom\u00f3viles con Licencia<\/b><\/p>\n<p style=\"text-align: justify;\">Garantizamos que nuestros Conductores tienen experiencia, son profesionales y nuestros veh\u00edculos oficiales.<\/p>\n<p><b>Precios cerrados<\/b><\/p>\n<p style=\"text-align: justify;\">Si tienen un presupuesto h\u00e1ganoslo saber e intentaremos ajustarnos a ese precio y una vez hecha la reserva evite despu\u00e9s cualquier sorpresa sobre el precio al estar ya fijado de antemano.<\/p>\n<\/div>\n<\/div>\n<div class=\"one_half last\">\n<div class=\"image_classic_frame expand\">\n<div class=\"image_wrapper\"><a href=\"https:\/\/privetmadrid.com\/transfers\/wp-content\/uploads\/2020\/08\/transfer-v-segoviyu-e1598887573485.jpg\" class=\"img_frame\"><img decoding=\"async\" src=\"https:\/\/privetmadrid.com\/transfers\/wp-content\/uploads\/2020\/08\/transfer-v-segoviyu-e1598887573485.jpg\" alt=\"\u0422\u0440\u0430\u043d\u0441\u0444\u0435\u0440 \u0432 \u0421\u0435\u0433\u043e\u0432\u0438\u044e\" class=\"portfolio_img\"\/><\/a><\/div>\n<\/div>\n<\/div>\n<p><br class=\"clear\"\/><\/div>\n<\/div>\n<\/div>\n<\/div>\n<div  class=\"one withsmallpadding ppb_header \" style=\"text-align:center;padding:40px 0 40px 0;\" >\n<div class=\"standard_wrapper\">\n<div class=\"page_content_wrapper\">\n<div class=\"inner\">\n<div style=\"margin:auto;width:100%\">\n<h2 class=\"ppb_title\" style=\"\">Reservar Excursiones por Espa\u00f1a<\/h2>\n<\/div>\n<\/div>\n<\/div>\n<\/div>\n<\/div>\n<div  class=\"one withsmallpadding ppb_text\" style=\"text-align:left;padding:0px 0 0px 0;\" >\n<div class=\"standard_wrapper\">\n<div class=\"page_content_wrapper\">\n<div class=\"inner\">\n<div style=\"margin:auto;width:100%\">\n<div class=\"one_third \" style=\"\">\n<p><img loading=\"lazy\" decoding=\"async\" class=\"alignnone size-medium wp-image-7527\" src=\"https:\/\/privetmadrid.com\/transfers\/wp-content\/uploads\/2020\/08\/private-tours-in-madrid.jpg\" alt=\"\" width=\"300\" height=\"199\" \/><\/p>\n<h4>Tours Privados<\/h4>\n<p><a href=\"https:\/\/privetmadrid.com\/es\/tour\/\" target=\"_blank\" rel=\"noopener noreferrer\">Leer mas<\/a><\/p>\n<\/div>\n<div class=\"one_third \" style=\"\">\n<p><img loading=\"lazy\" decoding=\"async\" class=\"alignnone size-medium wp-image-7529\" src=\"https:\/\/privetmadrid.com\/transfers\/wp-content\/uploads\/2020\/08\/gruppovye-ekskursii-po-madridu.jpg\" alt=\"\" width=\"300\" height=\"199\" \/><\/p>\n<h4>Excursiones en grupo<\/h4>\n<p><a href=\"https:\/\/privetmadrid.com\/es\/tour\/?tour_types=157&#038;page=0\" target=\"_blank\" rel=\"noopener noreferrer\">Leer mas<\/a>\n<\/div>\n<div class=\"one_third last \" style=\"\">\n<p><img loading=\"lazy\" decoding=\"async\" class=\"alignnone size-medium wp-image-7530\" src=\"https:\/\/privetmadrid.com\/transfers\/wp-content\/uploads\/2020\/08\/konserzh-uslugi-v-madride.jpg\" alt=\"\" width=\"300\" height=\"199\" \/><\/p>\n<h4>Servicios Consierge<\/h4>\n<p><a href=\"https:\/\/privetmadrid.com\/es\/tour\/?tour_types=162&#038;page=0\" target=\"_blank\" rel=\"noopener noreferrer\">Leer mas<\/a><\/p>\n<\/div>\n<p><br class=\"clear\"\/><\/p>\n<\/div>\n<\/div>\n<\/div>\n<\/div>\n<\/div>\n<div  class=\"one withsmallpadding ppb_text\" style=\"text-align:left;padding:40px 0 40px 0;\" >\n<div class=\"standard_wrapper\">\n<div class=\"page_content_wrapper\">\n<div class=\"inner\">\n<div style=\"margin:auto;width:100%\">\n<div class=\"one_half \" style=\"\">\n<h3 style=\"padding-bottom: 15px;\"><strong style=\"padding-bottom: 30px;\">Preguntas Frecuentes<\/strong><\/h3>\n<p style=\"text-align: justify;\">\n<div class=\"pp_accordion_close has_icon\">\n<h3><a href=\"#\">\u00bfD\u00f3nde me recoge mi Conductor?<\/a><\/h3>\n<div>\n<p>\nSi la recogida es en el Aeropuerto, nuestro Conductor le estar\u00e1 esperando con un Cartel con el nombre que nos hayan mandado en el momento de la Reserva.<\/p>\n<p style=\"text-align: justify;\">Si es un Hotel, en la Recepci\u00f3n del Hotel.<\/p>\n<p style=\"text-align: justify;\">En el caso de otros lugares como Estaci\u00f3n de Trenes, Autobuses, seg\u00fan acordemos en la Reserva.<\/p>\n<p style=\"text-align: justify;\">Si se encuentra en un lugar reservado para peatones nuestro Conductor intentar\u00e1 aparcar el veh\u00edculo en una zona pr\u00f3xima e ir\u00e1 andando a recogerles para acompa\u00f1arles.\n<\/p>\n<\/div>\n<\/div>\n<div class=\"pp_accordion_close has_icon\">\n<h3><a href=\"#\">\u00bfQu\u00e9 hacer si nuestro vuelo se retrasa?<\/a><\/h3>\n<div>\n<p>\nSi su vuelo se retrasa con mucha diferencia p\u00f3ngase en contacto con nosotros para poder organizar el nuevo horario al email <a href=\"mailto:info@privetmadrid.com\">info@privetmadrid.com<\/a> o por tel\u00e9fono al +34 687 533 687<\/p>\n<p style=\"text-align: justify;\">\n<\/div>\n<\/div>\n<div class=\"pp_accordion_close has_icon\">\n<h3><a href=\"#\">\u00bfNuestro Conductor hablar\u00e1 nuestro idioma?<\/a><\/h3>\n<div>\n<p> Siempre intentamos ofrecerle Conductor que hable su idioma para su m\u00e1xima comodidad. Si se trata de los m\u00e1s comunes de nuestra Agencia se lo podremos garantizar como espa\u00f1ol, ingl\u00e9s, ruso, alem\u00e1n y franc\u00e9s. Sin embargo, en caso concreto de que el conductor no sepa, le asisitiremos v\u00eda telef\u00f3nica.<\/p>\n<p style=\"text-align: justify;\">\n<\/div>\n<\/div>\n<div class=\"pp_accordion_close has_icon\">\n<h3><a href=\"#\">\u00bfQu\u00e9 Autom\u00f3vil me ofrecen??<\/a><\/h3>\n<div>\n<p>\nDividimos la categor\u00eda en funci\u00f3n de la capacidad de pasajeros que se requieran en Sedan (hasta 3), Monovolumen (desde 4) y Van (a partir de 7). Para grupos mayores pueden consultar con nosotros y nos encargamos de ofrecerles la mejor soluci\u00f3n.\n<\/p>\n<\/div>\n<\/div>\n<div class=\"pp_accordion_close has_icon\">\n<h3><a href=\"#\">\u00bfCu\u00e1les es vuestra pol\u00edtica de cancelaci\u00f3n?<\/a><\/h3>\n<div>\n<p>Si quieren cancelar o cambiar su reserva por favor contacten a nuestro m\u00f3vil +34 687 533 687 o env\u00eden un correo electr\u00f3nico a info@privetmadrid.com. Entendemos que sus planes pueden cambiar por lo que siempre y que sea con 24horas de antelaci\u00f3n, (no penalizamos), y en caso de haber pagado la reserva por adelantado procederemos a su devoluci\u00f3n.<\/p>\n<p style=\"text-align: justify;\">\n<\/div>\n<\/div>\n<div class=\"pp_accordion_close has_icon\">\n<h3><a href=\"#\">Resulta necesario reservar con anticipaci\u00f3n las sillas para ni\u00f1os?<\/a><\/h3>\n<div>\n<p>Acorde a la legislaci\u00f3n de Espa\u00f1a y de la Uni\u00f3n Europea para viajar con ni\u00f1os es obligatorio que se hagan con sillas especiales para los mismos con fin de evitar multas y su seguridad.<\/p>\n<\/div>\n<\/div>\n<\/div>\n<div class=\"one_half last \" style=\"\">\n<h3 style=\"padding-bottom: 15px; text-align: center;\"><strong style=\"padding-bottom: 30px;\">Nuestros Datos de Contacto<\/strong><\/h3>\n<div class=\"pm-vertical-center\">\n<div class=\"pm-icons-block-shadow\">\n<div class=\"pm-icon-desc\">\n<p class=\"none\">Si tienen alguna pregunta adicional pueden contactar con nosotros.<\/p>\n<\/div>\n<div class=\"pm-flex-list-contact\">\n<p><img loading=\"lazy\" decoding=\"async\" src=\"https:\/\/privetmadrid.com\/transfers\/wp-content\/uploads\/2020\/05\/mail-01.svg\" alt=\"\" width=\"45\" height=\"45\" \/><\/p>\n<div class=\"pm-icon-desc\">\n<h4>info@privetmadrid.com<\/h4>\n<\/div>\n<\/div>\n<div class=\"pm-space-gap\"><\/div>\n<div class=\"pm-flex-list-contact\"><img loading=\"lazy\" decoding=\"async\" src=\"https:\/\/privetmadrid.com\/transfers\/wp-content\/uploads\/2020\/05\/viber-01.svg\" alt=\"\" width=\"45\" height=\"45\" \/><br \/>\n<img loading=\"lazy\" decoding=\"async\" style=\"float: left; padding-left: 10px;\" src=\"https:\/\/privetmadrid.com\/transfers\/wp-content\/uploads\/2020\/05\/whatsapp-01.svg\" alt=\"\" width=\"45\" height=\"45\" \/><\/p>\n<div class=\"pm-icon-desc\">\n<h4>+34 687 533 687<\/h4>\n<\/div>\n<\/div>\n<\/div>\n<p><br class=\"clear\"\/><\/p>\n<\/div>\n<\/div>\n<\/div>\n<\/div>\n<\/div>\n<\/div>\n<\/div>\n","protected":false},"excerpt":{"rendered":"<p>\u041e\u0442\u0437\u044b\u0432\u044b 0 \u041e\u0446\u0435\u043d\u043a\u0430 0,0 0 \u0438\u0437 5 \u0437\u0432\u0451\u0437\u0434 (\u043e\u0441\u043d\u043e\u0432\u0430\u043d\u043e \u043d\u0430 0 \u043e\u0442\u0437\u044b\u0432\u0430\u0445) 0 \u041e\u0446\u0435\u043d\u043a\u0430 0,0 0 \u0438\u0437 5 \u0437\u0432\u0451\u0437\u0434 (\u043e\u0441\u043d\u043e\u0432\u0430\u043d\u043e \u043d\u0430 0 \u043e\u0442\u0437\u044b\u0432\u0430\u0445) \u041e\u0442\u043b\u0438\u0447\u043d\u043e0% \u041e\u0447\u0435\u043d\u044c \u0445\u043e\u0440\u043e\u0448\u043e0% \u041f\u0440\u0438\u0435\u043c\u043b\u0438\u043c\u043e0% \u041f\u043b\u043e\u0445\u043e0% \u0423\u0436\u0430\u0441\u043d\u043e0% deja un comentario \u041e\u0442\u0437\u044b\u0432\u043e\u0432 \u0435\u0449\u0451 \u043d\u0435\u0442. \u041d\u0430\u043f\u0438\u0448\u0438\u0442\u0435 \u043f\u0435\u0440\u0432\u044b\u043c. \u00bfPorqu\u00e9 conviene reservar [&hellip;]<\/p>\n","protected":false},"author":2,"featured_media":5122,"parent":0,"menu_order":0,"comment_status":"closed","ping_status":"closed","template":"","meta":{"inline_featured_image":false,"_glsr_average":0,"_glsr_ranking":0,"_glsr_reviews":0,"footnotes":""},"yoast_head":"<!-- This site is optimized with the Yoast SEO plugin v22.9 - https:\/\/yoast.com\/wordpress\/plugins\/seo\/ -->\n<title>Traslado Madrid - Segovia - Privet Madrid<\/title>\n<meta name=\"robots\" content=\"index, follow, max-snippet:-1, max-image-preview:large, max-video-preview:-1\" \/>\n<link rel=\"canonical\" href=\"https:\/\/privetmadrid.com\/transfers\/es\/madrid-segovia-es\/\" \/>\n<meta property=\"og:locale\" content=\"ru_RU\" \/>\n<meta property=\"og:type\" content=\"article\" \/>\n<meta property=\"og:title\" content=\"Traslado Madrid - Segovia - Privet Madrid\" \/>\n<meta property=\"og:description\" content=\"\u041e\u0442\u0437\u044b\u0432\u044b 0 \u041e\u0446\u0435\u043d\u043a\u0430 0,0 0 \u0438\u0437 5 \u0437\u0432\u0451\u0437\u0434 (\u043e\u0441\u043d\u043e\u0432\u0430\u043d\u043e \u043d\u0430 0 \u043e\u0442\u0437\u044b\u0432\u0430\u0445) 0 \u041e\u0446\u0435\u043d\u043a\u0430 0,0 0 \u0438\u0437 5 \u0437\u0432\u0451\u0437\u0434 (\u043e\u0441\u043d\u043e\u0432\u0430\u043d\u043e \u043d\u0430 0 \u043e\u0442\u0437\u044b\u0432\u0430\u0445) \u041e\u0442\u043b\u0438\u0447\u043d\u043e0% \u041e\u0447\u0435\u043d\u044c \u0445\u043e\u0440\u043e\u0448\u043e0% \u041f\u0440\u0438\u0435\u043c\u043b\u0438\u043c\u043e0% \u041f\u043b\u043e\u0445\u043e0% \u0423\u0436\u0430\u0441\u043d\u043e0% deja un comentario \u041e\u0442\u0437\u044b\u0432\u043e\u0432 \u0435\u0449\u0451 \u043d\u0435\u0442. \u041d\u0430\u043f\u0438\u0448\u0438\u0442\u0435 \u043f\u0435\u0440\u0432\u044b\u043c. \u00bfPorqu\u00e9 conviene reservar [&hellip;]\" \/>\n<meta property=\"og:url\" content=\"https:\/\/privetmadrid.com\/transfers\/es\/madrid-segovia-es\/\" \/>\n<meta property=\"og:site_name\" content=\"Privet Madrid\" \/>\n<meta property=\"article:modified_time\" content=\"2021-10-18T20:19:17+00:00\" \/>\n<meta property=\"og:image\" content=\"https:\/\/privetmadrid.com\/transfers\/wp-content\/uploads\/2020\/05\/transfers-madrid-spain-scaled.jpg\" \/>\n\t<meta property=\"og:image:width\" content=\"2560\" \/>\n\t<meta property=\"og:image:height\" content=\"1125\" \/>\n\t<meta property=\"og:image:type\" content=\"image\/jpeg\" \/>\n<meta name=\"twitter:card\" content=\"summary_large_image\" \/>\n<meta name=\"twitter:label1\" content=\"\u041f\u0440\u0438\u043c\u0435\u0440\u043d\u043e\u0435 \u0432\u0440\u0435\u043c\u044f \u0434\u043b\u044f \u0447\u0442\u0435\u043d\u0438\u044f\" \/>\n\t<meta name=\"twitter:data1\" content=\"2 \u043c\u0438\u043d\u0443\u0442\u044b\" \/>\n<script type=\"application\/ld+json\" class=\"yoast-schema-graph\">{\"@context\":\"https:\/\/schema.org\",\"@graph\":[{\"@type\":\"WebPage\",\"@id\":\"https:\/\/privetmadrid.com\/transfers\/es\/madrid-segovia-es\/\",\"url\":\"https:\/\/privetmadrid.com\/transfers\/es\/madrid-segovia-es\/\",\"name\":\"Traslado Madrid - Segovia - Privet Madrid\",\"isPartOf\":{\"@id\":\"https:\/\/privetmadrid.com\/transfers\/#website\"},\"primaryImageOfPage\":{\"@id\":\"https:\/\/privetmadrid.com\/transfers\/es\/madrid-segovia-es\/#primaryimage\"},\"image\":{\"@id\":\"https:\/\/privetmadrid.com\/transfers\/es\/madrid-segovia-es\/#primaryimage\"},\"thumbnailUrl\":\"https:\/\/privetmadrid.com\/transfers\/wp-content\/uploads\/2020\/05\/transfers-madrid-spain-scaled.jpg\",\"datePublished\":\"2020-05-21T10:28:04+00:00\",\"dateModified\":\"2021-10-18T20:19:17+00:00\",\"breadcrumb\":{\"@id\":\"https:\/\/privetmadrid.com\/transfers\/es\/madrid-segovia-es\/#breadcrumb\"},\"inLanguage\":\"ru-RU\",\"potentialAction\":[{\"@type\":\"ReadAction\",\"target\":[\"https:\/\/privetmadrid.com\/transfers\/es\/madrid-segovia-es\/\"]}]},{\"@type\":\"ImageObject\",\"inLanguage\":\"ru-RU\",\"@id\":\"https:\/\/privetmadrid.com\/transfers\/es\/madrid-segovia-es\/#primaryimage\",\"url\":\"https:\/\/privetmadrid.com\/transfers\/wp-content\/uploads\/2020\/05\/transfers-madrid-spain-scaled.jpg\",\"contentUrl\":\"https:\/\/privetmadrid.com\/transfers\/wp-content\/uploads\/2020\/05\/transfers-madrid-spain-scaled.jpg\",\"width\":2560,\"height\":1125,\"caption\":\"Traslados Madrid\"},{\"@type\":\"BreadcrumbList\",\"@id\":\"https:\/\/privetmadrid.com\/transfers\/es\/madrid-segovia-es\/#breadcrumb\",\"itemListElement\":[{\"@type\":\"ListItem\",\"position\":1,\"name\":\"\u0413\u043b\u0430\u0432\u043d\u0430\u044f \u0441\u0442\u0440\u0430\u043d\u0438\u0446\u0430\",\"item\":\"https:\/\/privetmadrid.com\/transfers\/\"},{\"@type\":\"ListItem\",\"position\":2,\"name\":\"Traslado Madrid &#8212; Segovia\"}]},{\"@type\":\"WebSite\",\"@id\":\"https:\/\/privetmadrid.com\/transfers\/#website\",\"url\":\"https:\/\/privetmadrid.com\/transfers\/\",\"name\":\"Privet Madrid\",\"description\":\"Traslados Espa\u00f1a\",\"potentialAction\":[{\"@type\":\"SearchAction\",\"target\":{\"@type\":\"EntryPoint\",\"urlTemplate\":\"https:\/\/privetmadrid.com\/transfers\/?s={search_term_string}\"},\"query-input\":\"required name=search_term_string\"}],\"inLanguage\":\"ru-RU\"}]}<\/script>\n<!-- \/ Yoast SEO plugin. -->","yoast_head_json":{"title":"Traslado Madrid - Segovia - Privet Madrid","robots":{"index":"index","follow":"follow","max-snippet":"max-snippet:-1","max-image-preview":"max-image-preview:large","max-video-preview":"max-video-preview:-1"},"canonical":"https:\/\/privetmadrid.com\/transfers\/es\/madrid-segovia-es\/","og_locale":"ru_RU","og_type":"article","og_title":"Traslado Madrid - Segovia - Privet Madrid","og_description":"\u041e\u0442\u0437\u044b\u0432\u044b 0 \u041e\u0446\u0435\u043d\u043a\u0430 0,0 0 \u0438\u0437 5 \u0437\u0432\u0451\u0437\u0434 (\u043e\u0441\u043d\u043e\u0432\u0430\u043d\u043e \u043d\u0430 0 \u043e\u0442\u0437\u044b\u0432\u0430\u0445) 0 \u041e\u0446\u0435\u043d\u043a\u0430 0,0 0 \u0438\u0437 5 \u0437\u0432\u0451\u0437\u0434 (\u043e\u0441\u043d\u043e\u0432\u0430\u043d\u043e \u043d\u0430 0 \u043e\u0442\u0437\u044b\u0432\u0430\u0445) \u041e\u0442\u043b\u0438\u0447\u043d\u043e0% \u041e\u0447\u0435\u043d\u044c \u0445\u043e\u0440\u043e\u0448\u043e0% \u041f\u0440\u0438\u0435\u043c\u043b\u0438\u043c\u043e0% \u041f\u043b\u043e\u0445\u043e0% \u0423\u0436\u0430\u0441\u043d\u043e0% deja un comentario \u041e\u0442\u0437\u044b\u0432\u043e\u0432 \u0435\u0449\u0451 \u043d\u0435\u0442. \u041d\u0430\u043f\u0438\u0448\u0438\u0442\u0435 \u043f\u0435\u0440\u0432\u044b\u043c. \u00bfPorqu\u00e9 conviene reservar [&hellip;]","og_url":"https:\/\/privetmadrid.com\/transfers\/es\/madrid-segovia-es\/","og_site_name":"Privet Madrid","article_modified_time":"2021-10-18T20:19:17+00:00","og_image":[{"width":2560,"height":1125,"url":"https:\/\/privetmadrid.com\/transfers\/wp-content\/uploads\/2020\/05\/transfers-madrid-spain-scaled.jpg","type":"image\/jpeg"}],"twitter_card":"summary_large_image","twitter_misc":{"\u041f\u0440\u0438\u043c\u0435\u0440\u043d\u043e\u0435 \u0432\u0440\u0435\u043c\u044f \u0434\u043b\u044f \u0447\u0442\u0435\u043d\u0438\u044f":"2 \u043c\u0438\u043d\u0443\u0442\u044b"},"schema":{"@context":"https:\/\/schema.org","@graph":[{"@type":"WebPage","@id":"https:\/\/privetmadrid.com\/transfers\/es\/madrid-segovia-es\/","url":"https:\/\/privetmadrid.com\/transfers\/es\/madrid-segovia-es\/","name":"Traslado Madrid - Segovia - Privet Madrid","isPartOf":{"@id":"https:\/\/privetmadrid.com\/transfers\/#website"},"primaryImageOfPage":{"@id":"https:\/\/privetmadrid.com\/transfers\/es\/madrid-segovia-es\/#primaryimage"},"image":{"@id":"https:\/\/privetmadrid.com\/transfers\/es\/madrid-segovia-es\/#primaryimage"},"thumbnailUrl":"https:\/\/privetmadrid.com\/transfers\/wp-content\/uploads\/2020\/05\/transfers-madrid-spain-scaled.jpg","datePublished":"2020-05-21T10:28:04+00:00","dateModified":"2021-10-18T20:19:17+00:00","breadcrumb":{"@id":"https:\/\/privetmadrid.com\/transfers\/es\/madrid-segovia-es\/#breadcrumb"},"inLanguage":"ru-RU","potentialAction":[{"@type":"ReadAction","target":["https:\/\/privetmadrid.com\/transfers\/es\/madrid-segovia-es\/"]}]},{"@type":"ImageObject","inLanguage":"ru-RU","@id":"https:\/\/privetmadrid.com\/transfers\/es\/madrid-segovia-es\/#primaryimage","url":"https:\/\/privetmadrid.com\/transfers\/wp-content\/uploads\/2020\/05\/transfers-madrid-spain-scaled.jpg","contentUrl":"https:\/\/privetmadrid.com\/transfers\/wp-content\/uploads\/2020\/05\/transfers-madrid-spain-scaled.jpg","width":2560,"height":1125,"caption":"Traslados Madrid"},{"@type":"BreadcrumbList","@id":"https:\/\/privetmadrid.com\/transfers\/es\/madrid-segovia-es\/#breadcrumb","itemListElement":[{"@type":"ListItem","position":1,"name":"\u0413\u043b\u0430\u0432\u043d\u0430\u044f \u0441\u0442\u0440\u0430\u043d\u0438\u0446\u0430","item":"https:\/\/privetmadrid.com\/transfers\/"},{"@type":"ListItem","position":2,"name":"Traslado Madrid &#8212; Segovia"}]},{"@type":"WebSite","@id":"https:\/\/privetmadrid.com\/transfers\/#website","url":"https:\/\/privetmadrid.com\/transfers\/","name":"Privet Madrid","description":"Traslados Espa\u00f1a","potentialAction":[{"@type":"SearchAction","target":{"@type":"EntryPoint","urlTemplate":"https:\/\/privetmadrid.com\/transfers\/?s={search_term_string}"},"query-input":"required name=search_term_string"}],"inLanguage":"ru-RU"}]}},"_links":{"self":[{"href":"https:\/\/privetmadrid.com\/transfers\/wp-json\/wp\/v2\/pages\/5223"}],"collection":[{"href":"https:\/\/privetmadrid.com\/transfers\/wp-json\/wp\/v2\/pages"}],"about":[{"href":"https:\/\/privetmadrid.com\/transfers\/wp-json\/wp\/v2\/types\/page"}],"author":[{"embeddable":true,"href":"https:\/\/privetmadrid.com\/transfers\/wp-json\/wp\/v2\/users\/2"}],"replies":[{"embeddable":true,"href":"https:\/\/privetmadrid.com\/transfers\/wp-json\/wp\/v2\/comments?post=5223"}],"version-history":[{"count":3,"href":"https:\/\/privetmadrid.com\/transfers\/wp-json\/wp\/v2\/pages\/5223\/revisions"}],"predecessor-version":[{"id":9857,"href":"https:\/\/privetmadrid.com\/transfers\/wp-json\/wp\/v2\/pages\/5223\/revisions\/9857"}],"wp:featuredmedia":[{"embeddable":true,"href":"https:\/\/privetmadrid.com\/transfers\/wp-json\/wp\/v2\/media\/5122"}],"wp:attachment":[{"href":"https:\/\/privetmadrid.com\/transfers\/wp-json\/wp\/v2\/media?parent=5223"}],"curies":[{"name":"wp","href":"https:\/\/api.w.org\/{rel}","templated":true}]}}